{"id":6188,"date":"2025-12-15T11:13:52","date_gmt":"2025-12-15T16:13:52","guid":{"rendered":"https:\/\/dcobys.com\/services\/uncategorized\/technical-data-exportable-product\/"},"modified":"2026-01-30T18:27:43","modified_gmt":"2026-01-30T23:27:43","slug":"technical-data-exportable-product","status":"publish","type":"product","link":"https:\/\/dcobys.com\/es\/services\/investigacion-de-mercados\/investigacion-de-mercados-a-demanda\/technical-data-exportable-product\/","title":{"rendered":"Ficha t\u00e9cnica producto exportable"},"content":{"rendered":"<p>Se realiza un informe (cuadro) con los siguientes datos:<\/p>\n<p>Datos de la empresa:<br \/>\nNombre de la Empresa (raz\u00f3n social legal), direcci\u00f3n (calle o n\u00famero exterior, n\u00famero interior, colonia, delegaci\u00f3n, c\u00f3digo postal), ciudad, pa\u00eds, contacto (nombres y apellidos de responsable), cargo, tel\u00e9fonos de la empresa (c\u00f3digo de pa\u00eds c\u00f3digo de ciudad tel\u00e9fonos), celular del contacto (c\u00f3digo de pa\u00eds c\u00f3digo de ciudad celular), fax (c\u00f3digo de pa\u00eds c\u00f3digo de ciudad tel\u00e9fono) , e-mail, sitio web de la empresa. <\/p>\n<p>Datos del producto:<br \/>\n1. Nombre cient\u00edfico<br \/>\n2. Nombre comercial del producto<br \/>\n3. C\u00f3digo arancelario<br \/>\n4. Fotograf\u00eda del producto<br \/>\n5. Descripci\u00f3n del producto<br \/>\n6. Informaci\u00f3n adicional del producto: materia prima, insumos, color, talla, peso, otras.<br \/>\n7. Cantidad de producci\u00f3n mensual<br \/>\n8. Precios referenciales<br \/>\n9. Forma de almacenaje<br \/>\n10. Otras caracter\u00edsticas <\/p>\n<p>Alguna informaci\u00f3n adicional es requerida como la que se muestra a continuaci\u00f3n en la Uni\u00f3n Europea:<\/p>\n<p>1. Descripci\u00f3n del producto y caracter\u00edsticas de producci\u00f3n en pa\u00eds de origen<br \/>\n2. Nombre corriente<br \/>\n3. C\u00f3digo arancelario<br \/>\n4. N\u00famero de empresas exportadoras<br \/>\n5. Volumen total exportado<br \/>\n6. Principales zonas de producci\u00f3n<br \/>\n7. Importancia del mercado de UE<br \/>\n8. Importancia de la partida arancelaria en an\u00e1lisis en la totalidad de productos exportados a la UE en el a\u00f1o de estudio<br \/>\n9. Requisitos de ingreso<br \/>\n10. Tratamiento arancelario<br \/>\n11. Norma de origen<br \/>\n12. Fitosanitarios<br \/>\n13, Otros<br \/>\n14. Informaci\u00f3n del mercado<br \/>\n15. Valor de importaciones totales \u00faltimos 3 a\u00f1os en millones de euros<br \/>\n16. Precio promedio para el a\u00f1o en estudio<br \/>\n17. Principales competidores y condiciones de acceso en el a\u00f1o de estudio<br \/>\n18. Perfil de principales clientes<br \/>\n19. Principales pa\u00edses importadores<br \/>\n20. Ranking de pa\u00eds de origen  como proveedor, y participaci\u00f3n en el mercado en el a\u00f1o de estudio<br \/>\n21. Oportunidades<br \/>\n22. Amenazas<\/p>\n","protected":false},"excerpt":{"rendered":"<p>Elaboraci\u00f3n de una  ficha con datos relevantes y requeridos por entidades gubernamentales para la exportaci\u00f3n e importaci\u00f3n de la subpartida arancelaria en estudio. <\/p>\n","protected":false},"featured_media":8086,"template":"","meta":{"_acf_changed":false},"country":[],"product_brand":[],"product_cat":[64,905],"product_tag":[922],"class_list":{"0":"post-6188","1":"product","2":"type-product","3":"status-publish","4":"has-post-thumbnail","6":"product_cat-investigacion-de-mercados","7":"product_cat-investigacion-de-mercados-a-demanda","8":"product_tag-fase-iii-ficha-tecnica-final-subpartida-arancelaria","10":"first","11":"instock","12":"virtual","13":"purchasable","14":"product-type-simple"},"acf":[],"_links":{"self":[{"href":"https:\/\/dcobys.com\/es\/wp-json\/wp\/v2\/product\/6188","targetHints":{"allow":["GET"]}}],"collection":[{"href":"https:\/\/dcobys.com\/es\/wp-json\/wp\/v2\/product"}],"about":[{"href":"https:\/\/dcobys.com\/es\/wp-json\/wp\/v2\/types\/product"}],"version-history":[{"count":0,"href":"https:\/\/dcobys.com\/es\/wp-json\/wp\/v2\/product\/6188\/revisions"}],"wp:featuredmedia":[{"embeddable":true,"href":"https:\/\/dcobys.com\/es\/wp-json\/wp\/v2\/media\/8086"}],"wp:attachment":[{"href":"https:\/\/dcobys.com\/es\/wp-json\/wp\/v2\/media?parent=6188"}],"wp:term":[{"taxonomy":"country","embeddable":true,"href":"https:\/\/dcobys.com\/es\/wp-json\/wp\/v2\/country?post=6188"},{"taxonomy":"product_brand","embeddable":true,"href":"https:\/\/dcobys.com\/es\/wp-json\/wp\/v2\/product_brand?post=6188"},{"taxonomy":"product_cat","embeddable":true,"href":"https:\/\/dcobys.com\/es\/wp-json\/wp\/v2\/product_cat?post=6188"},{"taxonomy":"product_tag","embeddable":true,"href":"https:\/\/dcobys.com\/es\/wp-json\/wp\/v2\/product_tag?post=6188"}],"curies":[{"name":"wp","href":"https:\/\/api.w.org\/{rel}","templated":true}]}}