{"id":6186,"date":"2025-12-15T11:13:52","date_gmt":"2025-12-15T16:13:52","guid":{"rendered":"https:\/\/dcobys.com\/services\/uncategorized\/international-fairs\/"},"modified":"2026-01-30T18:27:43","modified_gmt":"2026-01-30T23:27:43","slug":"international-fairs","status":"publish","type":"product","link":"https:\/\/dcobys.com\/es\/services\/investigacion-de-mercados\/investigacion-de-mercados-a-demanda\/international-fairs\/","title":{"rendered":"Ferias internacionales"},"content":{"rendered":"<p>Se entregar\u00e1 un informe con los siguientes datos y sus respectivas conclusiones:<\/p>\n<p>VARIABLES FERIAS<br \/>\nSe identificar\u00e1 y realizar\u00e1 un cuadro comparativo con 8 ferias a nivel global, con mayor enfoque en el mercado\/pa\u00eds objetivo relacionadas con el producto\/servicio (subpartida  arancelaria) de investigaci\u00f3n. Las variables que se considerar\u00e1n son las siguientes:<\/p>\n<p>1. Nombre de la feria, lugar y fecha de realizaci\u00f3n.<br \/>\n2. N\u00famero de asistentes a la feria en los \u00faltimos 2 a\u00f1os<br \/>\n3. Versi\u00f3n (n\u00famero de veces que se ha realizado la feria)<br \/>\n4. N\u00famero de stands en la feria en los \u00faltimos 2 a\u00f1os<br \/>\n5. Reconocimiento a nivel internacional de la feria<br \/>\n6. Aspectos por los cuales se deber\u00e1 asistir a la feria como visitante<br \/>\n7. Caracter\u00edsticas que justifican tener un stand en la feria<br \/>\n9. Precio del stand de 2 X 2 en la feria<br \/>\n10. Perfil de los compradores (edad, nivel socioecon\u00f3mico, nivel educativo, necesidades, nacionalidades)<br \/>\n11. Periodicidad de la feria<\/p>\n","protected":false},"excerpt":{"rendered":"<p>Se identifican las ferias internacionales de mayor relevancia con el objetivo que el producto\/servicio en estudio tenga un potencial de demanda alto y genere un pipeline adecuado.<\/p>\n","protected":false},"featured_media":8083,"template":"","meta":{"_acf_changed":false},"country":[],"product_brand":[],"product_cat":[64,905],"product_tag":[921],"class_list":{"0":"post-6186","1":"product","2":"type-product","3":"status-publish","4":"has-post-thumbnail","6":"product_cat-investigacion-de-mercados","7":"product_cat-investigacion-de-mercados-a-demanda","8":"product_tag-fase-ii-informacion-macro","10":"first","11":"instock","12":"virtual","13":"purchasable","14":"product-type-simple"},"acf":[],"_links":{"self":[{"href":"https:\/\/dcobys.com\/es\/wp-json\/wp\/v2\/product\/6186","targetHints":{"allow":["GET"]}}],"collection":[{"href":"https:\/\/dcobys.com\/es\/wp-json\/wp\/v2\/product"}],"about":[{"href":"https:\/\/dcobys.com\/es\/wp-json\/wp\/v2\/types\/product"}],"version-history":[{"count":0,"href":"https:\/\/dcobys.com\/es\/wp-json\/wp\/v2\/product\/6186\/revisions"}],"wp:featuredmedia":[{"embeddable":true,"href":"https:\/\/dcobys.com\/es\/wp-json\/wp\/v2\/media\/8083"}],"wp:attachment":[{"href":"https:\/\/dcobys.com\/es\/wp-json\/wp\/v2\/media?parent=6186"}],"wp:term":[{"taxonomy":"country","embeddable":true,"href":"https:\/\/dcobys.com\/es\/wp-json\/wp\/v2\/country?post=6186"},{"taxonomy":"product_brand","embeddable":true,"href":"https:\/\/dcobys.com\/es\/wp-json\/wp\/v2\/product_brand?post=6186"},{"taxonomy":"product_cat","embeddable":true,"href":"https:\/\/dcobys.com\/es\/wp-json\/wp\/v2\/product_cat?post=6186"},{"taxonomy":"product_tag","embeddable":true,"href":"https:\/\/dcobys.com\/es\/wp-json\/wp\/v2\/product_tag?post=6186"}],"curies":[{"name":"wp","href":"https:\/\/api.w.org\/{rel}","templated":true}]}}