{"id":6182,"date":"2025-12-15T11:13:52","date_gmt":"2025-12-15T16:13:52","guid":{"rendered":"https:\/\/dcobys.com\/services\/uncategorized\/logistics-analysis\/"},"modified":"2026-01-30T18:27:43","modified_gmt":"2026-01-30T23:27:43","slug":"logistics-analysis","status":"publish","type":"product","link":"https:\/\/dcobys.com\/es\/services\/investigacion-de-mercados\/investigacion-de-mercados-a-demanda\/logistics-analysis\/","title":{"rendered":"An\u00e1lisis log\u00edstica"},"content":{"rendered":"<p>Se entregar\u00e1 un informe con los siguientes datos y sus respectivas conclusiones:<\/p>\n<p>A. VARIABLES LOG\u00cdSTICA EN PA\u00cdS\/MERCADO OBJETIVO:<br \/>\n1. Identificar y enunciar las caracter\u00edsticas de los  tipos de  medios terrestres, mar\u00edtimos y a\u00e9reos (carreteras, puertos, aeropuertos, etc.) disponibles para transportar el producto.<br \/>\n2. Volumen y disponibilidad de oferta para desarrollo de log\u00edstica (empresas terrestres de carga, ferrocarriles, transporte mar\u00edtimo, fluvial, transporte a\u00e9reo, etc.)<br \/>\n3. Volumen y disponibilidad de agentes aduaneros, bodegas y almacenaje.<br \/>\n4. Conectividad local con el resto del mundo a trav\u00e9s de medios de transporte para la log\u00edstica.<br \/>\n5. Disponibilidad de informaci\u00f3n sobre la documentaci\u00f3n requerida en mercado\/objetivo para importaci\u00f3n de producto.<br \/>\n6. An\u00e1lisis de 5 factores de riesgo por pa\u00eds para entrega de mercanc\u00eda.<br \/>\n7. Cinco aspectos culturales de negociaci\u00f3n con proveedores locales de log\u00edstica para el uso de los diversos medios para entrega de producto. <\/p>\n","protected":false},"excerpt":{"rendered":"<p>Se determina los tipos de medios de transporte disponibles en destino para movilizar la partida arancelaria en el pa\u00eds\/mercado objetivo, incluyendo los riesgos asociados ante el desarrollo de infraestructura local.<\/p>\n","protected":false},"featured_media":8077,"template":"","meta":{"_acf_changed":false},"country":[],"product_brand":[],"product_cat":[64,905],"product_tag":[921],"class_list":{"0":"post-6182","1":"product","2":"type-product","3":"status-publish","4":"has-post-thumbnail","6":"product_cat-investigacion-de-mercados","7":"product_cat-investigacion-de-mercados-a-demanda","8":"product_tag-fase-ii-informacion-macro","10":"first","11":"instock","12":"virtual","13":"purchasable","14":"product-type-simple"},"acf":[],"_links":{"self":[{"href":"https:\/\/dcobys.com\/es\/wp-json\/wp\/v2\/product\/6182","targetHints":{"allow":["GET"]}}],"collection":[{"href":"https:\/\/dcobys.com\/es\/wp-json\/wp\/v2\/product"}],"about":[{"href":"https:\/\/dcobys.com\/es\/wp-json\/wp\/v2\/types\/product"}],"version-history":[{"count":0,"href":"https:\/\/dcobys.com\/es\/wp-json\/wp\/v2\/product\/6182\/revisions"}],"wp:featuredmedia":[{"embeddable":true,"href":"https:\/\/dcobys.com\/es\/wp-json\/wp\/v2\/media\/8077"}],"wp:attachment":[{"href":"https:\/\/dcobys.com\/es\/wp-json\/wp\/v2\/media?parent=6182"}],"wp:term":[{"taxonomy":"country","embeddable":true,"href":"https:\/\/dcobys.com\/es\/wp-json\/wp\/v2\/country?post=6182"},{"taxonomy":"product_brand","embeddable":true,"href":"https:\/\/dcobys.com\/es\/wp-json\/wp\/v2\/product_brand?post=6182"},{"taxonomy":"product_cat","embeddable":true,"href":"https:\/\/dcobys.com\/es\/wp-json\/wp\/v2\/product_cat?post=6182"},{"taxonomy":"product_tag","embeddable":true,"href":"https:\/\/dcobys.com\/es\/wp-json\/wp\/v2\/product_tag?post=6182"}],"curies":[{"name":"wp","href":"https:\/\/api.w.org\/{rel}","templated":true}]}}