{"id":6180,"date":"2025-12-15T11:13:52","date_gmt":"2025-12-15T16:13:52","guid":{"rendered":"https:\/\/dcobys.com\/services\/uncategorized\/communication-analysis\/"},"modified":"2026-01-30T18:27:43","modified_gmt":"2026-01-30T23:27:43","slug":"communication-analysis","status":"publish","type":"product","link":"https:\/\/dcobys.com\/es\/services\/investigacion-de-mercados\/investigacion-de-mercados-a-demanda\/communication-analysis\/","title":{"rendered":"An\u00e1lisis comunicaci\u00f3n"},"content":{"rendered":"<p>Se entregar\u00e1 un informe con los siguientes datos y sus respectivas conclusiones:<\/p>\n<p>A. VARIABLES COMUNICACI\u00d3N EN PA\u00cdS\/MERCADO OBJETIVO:<br \/>\n1. Se  identifica y realiza un cuadro comparativo con los los tipos de comunicaci\u00f3n (verbal, no verbal y gr\u00e1fica) a trav\u00e9s del cual se da a conocer el producto\/servicio (subpartida arancelaria) en estudio en el mercado\/pa\u00eds objetivo.<br \/>\n2. Se realiza un cuadro comparativo y an\u00e1lisis de los medios de comunicaci\u00f3n   (TV, radio, prensa, internet, etc. ) que se utilizan  en el mercado\/pa\u00eds objetivo para dar a conocer o promocionar el producto\/servicio (subpartida arancelaria) en estudio.<br \/>\n3. Se identifica y se genera un cuadro comparativo de medios no formales (grupos, agremiaciones, redes, eventos, desayunos, etc.). <\/p>\n","protected":false},"excerpt":{"rendered":"<p>Se identifican los medios de comunicaci\u00f3n y sus caracter\u00edsticas que son usados en el mercado objetivo para dar a conocer o posicionar el producto\/servicio en estudio.<\/p>\n","protected":false},"featured_media":8074,"template":"","meta":{"_acf_changed":false},"country":[],"product_brand":[],"product_cat":[64,905],"product_tag":[921],"class_list":{"0":"post-6180","1":"product","2":"type-product","3":"status-publish","4":"has-post-thumbnail","6":"product_cat-investigacion-de-mercados","7":"product_cat-investigacion-de-mercados-a-demanda","8":"product_tag-fase-ii-informacion-macro","10":"first","11":"instock","12":"virtual","13":"purchasable","14":"product-type-simple"},"acf":[],"_links":{"self":[{"href":"https:\/\/dcobys.com\/es\/wp-json\/wp\/v2\/product\/6180","targetHints":{"allow":["GET"]}}],"collection":[{"href":"https:\/\/dcobys.com\/es\/wp-json\/wp\/v2\/product"}],"about":[{"href":"https:\/\/dcobys.com\/es\/wp-json\/wp\/v2\/types\/product"}],"version-history":[{"count":0,"href":"https:\/\/dcobys.com\/es\/wp-json\/wp\/v2\/product\/6180\/revisions"}],"wp:featuredmedia":[{"embeddable":true,"href":"https:\/\/dcobys.com\/es\/wp-json\/wp\/v2\/media\/8074"}],"wp:attachment":[{"href":"https:\/\/dcobys.com\/es\/wp-json\/wp\/v2\/media?parent=6180"}],"wp:term":[{"taxonomy":"country","embeddable":true,"href":"https:\/\/dcobys.com\/es\/wp-json\/wp\/v2\/country?post=6180"},{"taxonomy":"product_brand","embeddable":true,"href":"https:\/\/dcobys.com\/es\/wp-json\/wp\/v2\/product_brand?post=6180"},{"taxonomy":"product_cat","embeddable":true,"href":"https:\/\/dcobys.com\/es\/wp-json\/wp\/v2\/product_cat?post=6180"},{"taxonomy":"product_tag","embeddable":true,"href":"https:\/\/dcobys.com\/es\/wp-json\/wp\/v2\/product_tag?post=6180"}],"curies":[{"name":"wp","href":"https:\/\/api.w.org\/{rel}","templated":true}]}}