{"id":6176,"date":"2025-12-15T11:13:52","date_gmt":"2025-12-15T16:13:52","guid":{"rendered":"https:\/\/dcobys.com\/services\/uncategorized\/price-analysis\/"},"modified":"2026-01-30T18:27:43","modified_gmt":"2026-01-30T23:27:43","slug":"price-analysis","status":"publish","type":"product","link":"https:\/\/dcobys.com\/es\/services\/investigacion-de-mercados\/investigacion-de-mercados-a-demanda\/price-analysis\/","title":{"rendered":"An\u00e1lisis precios"},"content":{"rendered":"<p>Se entregar\u00e1 un informe con los siguientes datos y sus respectivas conclusiones:<\/p>\n<p>A. VARIABLES PRECIO EN PA\u00cdS\/MERCADO OBJETIVO:<br \/>\nComparativo de 5 marcas identificadas en el mercado\/pa\u00eds objetivo con la subpartida arancelaria de estudio, en el cual se eval\u00faan las siguientes variables:<br \/>\n1. Precio del producto\/servicio para el usuario final<br \/>\n2. Precio del producto\/servicio para comprador corporativo (mayorista o distribuidor)<br \/>\n3. Margen esperado en la venta del usuario final<br \/>\n4. Margen esperando en la venta a comprador corporativo<br \/>\n5. Tiempos de pago (en 1 sola exhibici\u00f3n, a 30 d\u00edas, 60 d\u00edas, contra entrega, etc.)<br \/>\n6. Forma de pago (transferencia, efectivo, dep\u00f3sito, tarjeta de cr\u00e9dito)<br \/>\n7. Impuestos que se deben considerar localmente<br \/>\n8. Promociones y descuentos<\/p>\n","protected":false},"excerpt":{"rendered":"<p>Se lleva a cabo un comparativo detallado de los precios del producto\/servicio sustituto en el pa\u00eds\/mercado objetivo en relaci\u00f3n a la subpartida arancelaria en estudio.<\/p>\n","protected":false},"featured_media":8068,"template":"","meta":{"_acf_changed":false},"country":[],"product_brand":[],"product_cat":[64,905],"product_tag":[921],"class_list":{"0":"post-6176","1":"product","2":"type-product","3":"status-publish","4":"has-post-thumbnail","6":"product_cat-investigacion-de-mercados","7":"product_cat-investigacion-de-mercados-a-demanda","8":"product_tag-fase-ii-informacion-macro","10":"first","11":"instock","12":"virtual","13":"purchasable","14":"product-type-simple"},"acf":[],"_links":{"self":[{"href":"https:\/\/dcobys.com\/es\/wp-json\/wp\/v2\/product\/6176","targetHints":{"allow":["GET"]}}],"collection":[{"href":"https:\/\/dcobys.com\/es\/wp-json\/wp\/v2\/product"}],"about":[{"href":"https:\/\/dcobys.com\/es\/wp-json\/wp\/v2\/types\/product"}],"version-history":[{"count":0,"href":"https:\/\/dcobys.com\/es\/wp-json\/wp\/v2\/product\/6176\/revisions"}],"wp:featuredmedia":[{"embeddable":true,"href":"https:\/\/dcobys.com\/es\/wp-json\/wp\/v2\/media\/8068"}],"wp:attachment":[{"href":"https:\/\/dcobys.com\/es\/wp-json\/wp\/v2\/media?parent=6176"}],"wp:term":[{"taxonomy":"country","embeddable":true,"href":"https:\/\/dcobys.com\/es\/wp-json\/wp\/v2\/country?post=6176"},{"taxonomy":"product_brand","embeddable":true,"href":"https:\/\/dcobys.com\/es\/wp-json\/wp\/v2\/product_brand?post=6176"},{"taxonomy":"product_cat","embeddable":true,"href":"https:\/\/dcobys.com\/es\/wp-json\/wp\/v2\/product_cat?post=6176"},{"taxonomy":"product_tag","embeddable":true,"href":"https:\/\/dcobys.com\/es\/wp-json\/wp\/v2\/product_tag?post=6176"}],"curies":[{"name":"wp","href":"https:\/\/api.w.org\/{rel}","templated":true}]}}