{"id":6174,"date":"2025-12-15T11:13:52","date_gmt":"2025-12-15T16:13:52","guid":{"rendered":"https:\/\/dcobys.com\/services\/uncategorized\/product-service-analysis\/"},"modified":"2026-01-30T18:27:43","modified_gmt":"2026-01-30T23:27:43","slug":"product-service-analysis","status":"publish","type":"product","link":"https:\/\/dcobys.com\/es\/services\/investigacion-de-mercados\/investigacion-de-mercados-a-demanda\/product-service-analysis\/","title":{"rendered":"An\u00e1lisis producto\/servicio"},"content":{"rendered":"<p>Se entregar\u00e1 un informe con los siguientes datos y sus respectivas conclusiones:<\/p>\n<p>A. VARIABLES PRODUCTO\/SERVICIO EN PA\u00cdS\/MERCADO OBJETIVO:<\/p>\n<p>Para productos:<br \/>\nComparativo de 5 marcas identificadas en el mercado\/pa\u00eds objetivo  con la subpartida arancelaria de estudio, en el cual se eval\u00faan las siguientes variables:<br \/>\n1. Caracter\u00edsticas f\u00edsicas del producto<br \/>\n2. Caracter\u00edsticas de etiquetado<br \/>\n3. Caracter\u00edsticas del empaque<br \/>\n4. Presentaciones del producto<br \/>\n5. Servicio de garant\u00eda o postventa<br \/>\n6. Calidad del producto<\/p>\n<p>Para servicios<br \/>\nComparativo de 5 marcas identificadas en el mercado\/pa\u00eds objetivo  con la subpartida arancelaria de estudio, en el cual se eval\u00faan las siguientes variables:<br \/>\n1. Caracter\u00edsticas del servicio<br \/>\n2. Caracter\u00edsticas de entrega del servicio<br \/>\n3. Tiempo de entrega del servicio<br \/>\n4. Forma de venta del servicio<br \/>\n5. Servicio de garant\u00eda o postventa<br \/>\n6. Calidad del servicio <\/p>\n","protected":false},"excerpt":{"rendered":"<p>Se realiza un an\u00e1lisis detallado de 5 marcas competidoras en el pa\u00eds objetivo que enunciar\u00e1n la composici\u00f3n f\u00edsica y presentaci\u00f3n del producto\/servicio, sustituto de la subpartida arancelaria de investigaci\u00f3n. <\/p>\n","protected":false},"featured_media":8064,"template":"","meta":{"_acf_changed":false},"country":[],"product_brand":[],"product_cat":[64,905],"product_tag":[921],"class_list":{"0":"post-6174","1":"product","2":"type-product","3":"status-publish","4":"has-post-thumbnail","6":"product_cat-investigacion-de-mercados","7":"product_cat-investigacion-de-mercados-a-demanda","8":"product_tag-fase-ii-informacion-macro","10":"first","11":"instock","12":"virtual","13":"purchasable","14":"product-type-simple"},"acf":[],"_links":{"self":[{"href":"https:\/\/dcobys.com\/es\/wp-json\/wp\/v2\/product\/6174","targetHints":{"allow":["GET"]}}],"collection":[{"href":"https:\/\/dcobys.com\/es\/wp-json\/wp\/v2\/product"}],"about":[{"href":"https:\/\/dcobys.com\/es\/wp-json\/wp\/v2\/types\/product"}],"version-history":[{"count":0,"href":"https:\/\/dcobys.com\/es\/wp-json\/wp\/v2\/product\/6174\/revisions"}],"wp:featuredmedia":[{"embeddable":true,"href":"https:\/\/dcobys.com\/es\/wp-json\/wp\/v2\/media\/8064"}],"wp:attachment":[{"href":"https:\/\/dcobys.com\/es\/wp-json\/wp\/v2\/media?parent=6174"}],"wp:term":[{"taxonomy":"country","embeddable":true,"href":"https:\/\/dcobys.com\/es\/wp-json\/wp\/v2\/country?post=6174"},{"taxonomy":"product_brand","embeddable":true,"href":"https:\/\/dcobys.com\/es\/wp-json\/wp\/v2\/product_brand?post=6174"},{"taxonomy":"product_cat","embeddable":true,"href":"https:\/\/dcobys.com\/es\/wp-json\/wp\/v2\/product_cat?post=6174"},{"taxonomy":"product_tag","embeddable":true,"href":"https:\/\/dcobys.com\/es\/wp-json\/wp\/v2\/product_tag?post=6174"}],"curies":[{"name":"wp","href":"https:\/\/api.w.org\/{rel}","templated":true}]}}