{"id":6172,"date":"2025-12-15T11:13:52","date_gmt":"2025-12-15T16:13:52","guid":{"rendered":"https:\/\/dcobys.com\/services\/uncategorized\/competition-analysis\/"},"modified":"2026-01-30T18:27:43","modified_gmt":"2026-01-30T23:27:43","slug":"competition-analysis","status":"publish","type":"product","link":"https:\/\/dcobys.com\/es\/services\/investigacion-de-mercados\/investigacion-de-mercados-a-demanda\/competition-analysis\/","title":{"rendered":"An\u00e1lisis competencia"},"content":{"rendered":"<p>Se entregar\u00e1 un informe con los siguientes datos y sus respectivas conclusiones:<\/p>\n<p>A. VARIABLES COMPETENCIA EN PA\u00cdS\/MERCADO OBJETIVO:<br \/>\n1. Volumen de competidores directos en el mercado objetivo o mercado\/pa\u00eds destino<br \/>\n2. Distribuci\u00f3n en el mercado de competidores locales e internacionales<br \/>\n3. Tama\u00f1o de los competidores<br \/>\n4. Establecer la existencia de monopolio por parte de competidores<br \/>\n5. Fortaleza financiera de los competidores<br \/>\n6. Volumen de ventas de los competidores (en t\u00e9rminos generales)<br \/>\n7. Cultura de negociaci\u00f3n de los competidores<br \/>\n8. Fortalezas de la competencia<br \/>\n9. Debilidades de la competencia<br \/>\n10. Posicionamiento en el mercado de la competencia<br \/>\n11. Pa\u00edses exportadores (competidores) de la partida arancelaria en el mercado\/pa\u00eds objetivo<br \/>\n12. Crecimiento de importaciones en el mercado\/pa\u00eds objetivo  de la partida  arancelaria los \u00faltimos 3 a\u00f1os<br \/>\n13. Volumen de exportaci\u00f3n del mercado\/pa\u00eds objetivo de la partida arancelaria en los \u00faltimos 3 a\u00f1os<\/p>\n","protected":false},"excerpt":{"rendered":"<p>Se obtiene las caracter\u00edsticas de los competidores en el pa\u00eds objetivo, que permitir\u00e1 a la empresa local, conocer el alcance de los actores a los cuales se enfrentar\u00e1 cuando introduzca su producto o servicio en el extranjero. <\/p>\n","protected":false},"featured_media":8061,"template":"","meta":{"_acf_changed":false},"country":[],"product_brand":[],"product_cat":[64,905],"product_tag":[921],"class_list":{"0":"post-6172","1":"product","2":"type-product","3":"status-publish","4":"has-post-thumbnail","6":"product_cat-investigacion-de-mercados","7":"product_cat-investigacion-de-mercados-a-demanda","8":"product_tag-fase-ii-informacion-macro","10":"first","11":"instock","12":"virtual","13":"purchasable","14":"product-type-simple"},"acf":[],"_links":{"self":[{"href":"https:\/\/dcobys.com\/es\/wp-json\/wp\/v2\/product\/6172","targetHints":{"allow":["GET"]}}],"collection":[{"href":"https:\/\/dcobys.com\/es\/wp-json\/wp\/v2\/product"}],"about":[{"href":"https:\/\/dcobys.com\/es\/wp-json\/wp\/v2\/types\/product"}],"version-history":[{"count":0,"href":"https:\/\/dcobys.com\/es\/wp-json\/wp\/v2\/product\/6172\/revisions"}],"wp:featuredmedia":[{"embeddable":true,"href":"https:\/\/dcobys.com\/es\/wp-json\/wp\/v2\/media\/8061"}],"wp:attachment":[{"href":"https:\/\/dcobys.com\/es\/wp-json\/wp\/v2\/media?parent=6172"}],"wp:term":[{"taxonomy":"country","embeddable":true,"href":"https:\/\/dcobys.com\/es\/wp-json\/wp\/v2\/country?post=6172"},{"taxonomy":"product_brand","embeddable":true,"href":"https:\/\/dcobys.com\/es\/wp-json\/wp\/v2\/product_brand?post=6172"},{"taxonomy":"product_cat","embeddable":true,"href":"https:\/\/dcobys.com\/es\/wp-json\/wp\/v2\/product_cat?post=6172"},{"taxonomy":"product_tag","embeddable":true,"href":"https:\/\/dcobys.com\/es\/wp-json\/wp\/v2\/product_tag?post=6172"}],"curies":[{"name":"wp","href":"https:\/\/api.w.org\/{rel}","templated":true}]}}