{"id":6168,"date":"2025-12-15T11:13:52","date_gmt":"2025-12-15T16:13:52","guid":{"rendered":"https:\/\/dcobys.com\/services\/uncategorized\/corporate-buyer-profile-companies\/"},"modified":"2026-01-30T18:27:43","modified_gmt":"2026-01-30T23:27:43","slug":"corporate-buyer-profile-companies","status":"publish","type":"product","link":"https:\/\/dcobys.com\/es\/services\/investigacion-de-mercados\/investigacion-de-mercados-a-demanda\/corporate-buyer-profile-companies\/","title":{"rendered":"Perfil comprador corporativo (empresas)"},"content":{"rendered":"<p>Se entregar\u00e1 un informe con los siguientes datos y sus respectivas conclusiones:<\/p>\n<p>A. VARIABLES DEL COMPRADOR CORPORATIVO (EMPRESAS):<br \/>\n1. Estructura comercial de la empresa (compradores corporativos)<br \/>\n2. Departamentos encargados de compras<br \/>\n3. Proceso de compra del comprador corporativo<br \/>\n4. Cultura de negociaci\u00f3n<br \/>\n5. Tiempos de negociaci\u00f3n y compras<br \/>\n6. Forma a trav\u00e9s de la cual hacen sus compras (por recomendaci\u00f3n, por referencias en el mercado, por necesidad)<br \/>\n7. Medios y tiempos de pago de los compradores<br \/>\n8. Frecuencia de compra<br \/>\n9. Expectativas en la compra del producto\/servicio<br \/>\n10. Servicios postventa esperados por compras de producto\/servicio<\/p>\n","protected":false},"excerpt":{"rendered":"<p>Se obtiene los datos m\u00e1s importantes sobre las caracter\u00edsticas del comprador corporativo en el mercado objetivo cuyo alcance permitir\u00e1 establecer su comportamiento econ\u00f3mico. <\/p>\n","protected":false},"featured_media":8055,"template":"","meta":{"_acf_changed":false},"country":[],"product_brand":[],"product_cat":[64,905],"product_tag":[921],"class_list":{"0":"post-6168","1":"product","2":"type-product","3":"status-publish","4":"has-post-thumbnail","6":"product_cat-investigacion-de-mercados","7":"product_cat-investigacion-de-mercados-a-demanda","8":"product_tag-fase-ii-informacion-macro","10":"first","11":"instock","12":"virtual","13":"purchasable","14":"product-type-simple"},"acf":[],"_links":{"self":[{"href":"https:\/\/dcobys.com\/es\/wp-json\/wp\/v2\/product\/6168","targetHints":{"allow":["GET"]}}],"collection":[{"href":"https:\/\/dcobys.com\/es\/wp-json\/wp\/v2\/product"}],"about":[{"href":"https:\/\/dcobys.com\/es\/wp-json\/wp\/v2\/types\/product"}],"version-history":[{"count":0,"href":"https:\/\/dcobys.com\/es\/wp-json\/wp\/v2\/product\/6168\/revisions"}],"wp:featuredmedia":[{"embeddable":true,"href":"https:\/\/dcobys.com\/es\/wp-json\/wp\/v2\/media\/8055"}],"wp:attachment":[{"href":"https:\/\/dcobys.com\/es\/wp-json\/wp\/v2\/media?parent=6168"}],"wp:term":[{"taxonomy":"country","embeddable":true,"href":"https:\/\/dcobys.com\/es\/wp-json\/wp\/v2\/country?post=6168"},{"taxonomy":"product_brand","embeddable":true,"href":"https:\/\/dcobys.com\/es\/wp-json\/wp\/v2\/product_brand?post=6168"},{"taxonomy":"product_cat","embeddable":true,"href":"https:\/\/dcobys.com\/es\/wp-json\/wp\/v2\/product_cat?post=6168"},{"taxonomy":"product_tag","embeddable":true,"href":"https:\/\/dcobys.com\/es\/wp-json\/wp\/v2\/product_tag?post=6168"}],"curies":[{"name":"wp","href":"https:\/\/api.w.org\/{rel}","templated":true}]}}