{"id":6166,"date":"2025-12-15T11:13:52","date_gmt":"2025-12-15T16:13:52","guid":{"rendered":"https:\/\/dcobys.com\/services\/uncategorized\/buyer-profile-end-user\/"},"modified":"2026-01-30T18:27:43","modified_gmt":"2026-01-30T23:27:43","slug":"buyer-profile-end-user","status":"publish","type":"product","link":"https:\/\/dcobys.com\/es\/services\/investigacion-de-mercados\/investigacion-de-mercados-a-demanda\/buyer-profile-end-user\/","title":{"rendered":"Perfil comprador (usuario final)"},"content":{"rendered":"<p>Se entregar\u00e1 un informe con los siguientes datos y sus respectivas conclusiones:<\/p>\n<p>A. VARIABLES DEL COMPRADOR (USUARIO FINAL):<br \/>\n1. Caracter\u00edsticas cualitativas del comprador (edad, sexo, nivel socio econ\u00f3mico, nivel escolaridad, tipo de vivienda, generaci\u00f3n (x, y, z, etc.), religi\u00f3n, acceso a nuevas tecnolog\u00edas, exposici\u00f3n a medios de comunicaci\u00f3n tradicionales y digitales, ocupaci\u00f3n)<br \/>\n2. Cultura de negociaci\u00f3n<br \/>\n3. Forma a trav\u00e9s de la cual hacen sus compras (por recomendaci\u00f3n, por impacto en redes sociales, por propia decisi\u00f3n, por necesidad)<br \/>\n3. Medios por los que realizan transacciones (digitales, presenciales, telef\u00f3nicos, etc.)<br \/>\n4. Frecuencia de compra<br \/>\n5. Expectativas en la compra del producto\/servicio<br \/>\n6. Estilo de vida e intereses<\/p>\n","protected":false},"excerpt":{"rendered":"<p>Se analiza las particularidades del usuario final en el mercado objetivo con el prop\u00f3sito de conocer su comportamiento social y de compra.<\/p>\n","protected":false},"featured_media":8052,"template":"","meta":{"_acf_changed":false},"country":[],"product_brand":[],"product_cat":[64,905],"product_tag":[921],"class_list":{"0":"post-6166","1":"product","2":"type-product","3":"status-publish","4":"has-post-thumbnail","6":"product_cat-investigacion-de-mercados","7":"product_cat-investigacion-de-mercados-a-demanda","8":"product_tag-fase-ii-informacion-macro","10":"first","11":"instock","12":"virtual","13":"purchasable","14":"product-type-simple"},"acf":[],"_links":{"self":[{"href":"https:\/\/dcobys.com\/es\/wp-json\/wp\/v2\/product\/6166","targetHints":{"allow":["GET"]}}],"collection":[{"href":"https:\/\/dcobys.com\/es\/wp-json\/wp\/v2\/product"}],"about":[{"href":"https:\/\/dcobys.com\/es\/wp-json\/wp\/v2\/types\/product"}],"version-history":[{"count":0,"href":"https:\/\/dcobys.com\/es\/wp-json\/wp\/v2\/product\/6166\/revisions"}],"wp:featuredmedia":[{"embeddable":true,"href":"https:\/\/dcobys.com\/es\/wp-json\/wp\/v2\/media\/8052"}],"wp:attachment":[{"href":"https:\/\/dcobys.com\/es\/wp-json\/wp\/v2\/media?parent=6166"}],"wp:term":[{"taxonomy":"country","embeddable":true,"href":"https:\/\/dcobys.com\/es\/wp-json\/wp\/v2\/country?post=6166"},{"taxonomy":"product_brand","embeddable":true,"href":"https:\/\/dcobys.com\/es\/wp-json\/wp\/v2\/product_brand?post=6166"},{"taxonomy":"product_cat","embeddable":true,"href":"https:\/\/dcobys.com\/es\/wp-json\/wp\/v2\/product_cat?post=6166"},{"taxonomy":"product_tag","embeddable":true,"href":"https:\/\/dcobys.com\/es\/wp-json\/wp\/v2\/product_tag?post=6166"}],"curies":[{"name":"wp","href":"https:\/\/api.w.org\/{rel}","templated":true}]}}