{"id":6158,"date":"2025-07-23T13:45:44","date_gmt":"2025-07-23T17:45:44","guid":{"rendered":"https:\/\/dcobys.com\/services\/uncategorized\/evaluation-and-factor-selection-market-objective-alternative-and-contingent\/"},"modified":"2026-01-30T18:27:43","modified_gmt":"2026-01-30T23:27:43","slug":"evaluation-and-factor-selection-market-objective-alternative-and-contingent","status":"publish","type":"product","link":"https:\/\/dcobys.com\/es\/services\/investigacion-de-mercados\/investigacion-de-mercados-a-demanda\/evaluation-and-factor-selection-market-objective-alternative-and-contingent\/","title":{"rendered":"Factores de evaluaci\u00f3n y selecci\u00f3n de mercado objetivo, alterno y contingente"},"content":{"rendered":"\t\t<div data-elementor-type=\"product-post\" data-elementor-id=\"6158\" class=\"elementor elementor-6158 elementor-1070\" data-elementor-post-type=\"product\">\n\t\t\t\t<div class=\"elementor-element elementor-element-eff1223 e-flex e-con-boxed e-con e-parent\" data-id=\"eff1223\" data-element_type=\"container\" data-e-type=\"container\">\n\t\t\t\t\t<div class=\"e-con-inner\">\n\t\t\t\t<div class=\"elementor-element elementor-element-c44e319 elementor-widget elementor-widget-text-editor\" data-id=\"c44e319\" data-element_type=\"widget\" data-e-type=\"widget\" data-widget_type=\"text-editor.default\">\n\t\t\t\t\t\t\t\t\t<p>The comparison matrix of 3 selected countries is made where the following aspects are evaluated and weighed: Additionally, a report is delivered justifying the objective, alternate and contingent market.<\/p>\t\t\t\t\t\t\t\t<\/div>\n\t\t\t\t<div class=\"elementor-element elementor-element-8718ae5 elementor-widget elementor-widget-text-editor\" data-id=\"8718ae5\" data-element_type=\"widget\" data-e-type=\"widget\" data-widget_type=\"text-editor.default\">\n\t\t\t\t\t\t\t\t\t<p><strong>A. MACROECONOMIC VARIABLES<\/strong><\/p><ol><li>Population<\/li><li>GDP (USD Millions)<\/li><li>GDP per capita (USD)<\/li><li>Percentage growth GDP (%)<\/li><li>Percentage Devaluation rate (%)<\/li><li>Exchange rate (country \/ USD currency)<\/li><li>Bilateral exchange rate (foreign country currency \/ local currency)<\/li><li>Percentage Unemployment (%)<\/li><li>Percentage Inflation (%)<\/li><li>Risk of non-payment<\/li><\/ol><p>\u00a0<\/p><p><strong>B. LOGISTIC VARIABLES<\/strong><\/p><ol><li>Local infrastructure<\/li><li>Number of international airports<\/li><li>Number of international ports<\/li><li>Financial system<\/li><li>Supply of logistics companies<\/li><li>Offer of customs agencies<\/li><li>Strikes<\/li><li>Transportation costs<\/li><\/ol><p>\u00a0<\/p><p><strong>C. DEMOGRAPHIC VARIABLES<\/strong><\/p><ol><li>Type of government<\/li><li>Religion<\/li><li>Official language<\/li><li>Number of languages \u200b\u200bspoken<\/li><li>Cultural proximity<\/li><li>Culture of openness to foreigners<\/li><li>Number of holidays<\/li><\/ol><p>\u00a0<\/p><p><strong>D. MARKET VARIABLES<\/strong><\/p><ol><li>Local competition<\/li><li>International Competition<\/li><li>Tariff Barriers<\/li><li>Non-Tariff Barriers<\/li><li>Use of technology<\/li><li>Traditional purchase<\/li><li>Buy through the internet<\/li><\/ol><p>\u00a0<\/p><p><strong>E. VARIABLES FOREIGN TRADE<\/strong><\/p><ol><li>Free trade agreements with the country of origin<\/li><li>Opening to extranejros products \/ services<\/li><li>Exports the product or service abroad<\/li><\/ol>\t\t\t\t\t\t\t\t<\/div>\n\t\t\t\t\t<\/div>\n\t\t\t\t<\/div>\n\t\t\t\t<\/div>\n\t\t","protected":false},"excerpt":{"rendered":"<p>Caracter\u00edsticas que permitir\u00e1n definir el mercado con mayor probabilidad de \u00e9xito en el cual se introducir\u00e1 un producto o servicio. Adicionalmente, se incluyen dos pa\u00edses (alterno y contingente) que servir\u00e1n de apoyo para evaluar la potencialidad de manera alternativa.<\/p>\n","protected":false},"featured_media":8010,"template":"","meta":{"_acf_changed":false},"country":[],"product_brand":[],"product_cat":[64,905],"product_tag":[920],"class_list":{"0":"post-6158","1":"product","2":"type-product","3":"status-publish","4":"has-post-thumbnail","6":"product_cat-investigacion-de-mercados","7":"product_cat-investigacion-de-mercados-a-demanda","8":"product_tag-fase-i-informacion-producto-servicio-mercados-objetivo-alterno-y-contingente","10":"first","11":"instock","12":"virtual","13":"purchasable","14":"product-type-simple"},"acf":[],"_links":{"self":[{"href":"https:\/\/dcobys.com\/es\/wp-json\/wp\/v2\/product\/6158","targetHints":{"allow":["GET"]}}],"collection":[{"href":"https:\/\/dcobys.com\/es\/wp-json\/wp\/v2\/product"}],"about":[{"href":"https:\/\/dcobys.com\/es\/wp-json\/wp\/v2\/types\/product"}],"version-history":[{"count":0,"href":"https:\/\/dcobys.com\/es\/wp-json\/wp\/v2\/product\/6158\/revisions"}],"wp:featuredmedia":[{"embeddable":true,"href":"https:\/\/dcobys.com\/es\/wp-json\/wp\/v2\/media\/8010"}],"wp:attachment":[{"href":"https:\/\/dcobys.com\/es\/wp-json\/wp\/v2\/media?parent=6158"}],"wp:term":[{"taxonomy":"country","embeddable":true,"href":"https:\/\/dcobys.com\/es\/wp-json\/wp\/v2\/country?post=6158"},{"taxonomy":"product_brand","embeddable":true,"href":"https:\/\/dcobys.com\/es\/wp-json\/wp\/v2\/product_brand?post=6158"},{"taxonomy":"product_cat","embeddable":true,"href":"https:\/\/dcobys.com\/es\/wp-json\/wp\/v2\/product_cat?post=6158"},{"taxonomy":"product_tag","embeddable":true,"href":"https:\/\/dcobys.com\/es\/wp-json\/wp\/v2\/product_tag?post=6158"}],"curies":[{"name":"wp","href":"https:\/\/api.w.org\/{rel}","templated":true}]}}