{"id":6146,"date":"2025-12-15T11:14:08","date_gmt":"2025-12-15T16:14:08","guid":{"rendered":"https:\/\/dcobys.com\/services\/uncategorized\/softlanding-enterprise\/"},"modified":"2026-01-30T18:15:49","modified_gmt":"2026-01-30T23:15:49","slug":"softlanding-enterprise","status":"publish","type":"product","link":"https:\/\/dcobys.com\/es\/services\/marketing-y-ventas\/softlanding\/softlanding-enterprise\/","title":{"rendered":"Softlanding Enterprise"},"content":{"rendered":"<p>ETAPA I: DIAGN\u00d3STICO DE ALISTAMIENTO COMERCIAL PARA EVALUAR POTENCIALIDAD DE INTERNACIONALIZACI\u00d3N<br \/>\nDESCRIPCI\u00d3N: Este diagn\u00f3stico est\u00e1 dise\u00f1ado para llevarse a cabo a trav\u00e9s de 4 talleres pr\u00e1cticos a trav\u00e9s del cual el participante identifica las condiciones apropiadas para expandir su oferta de negocio en el mercado internacional.<br \/>\nALCANCE:<br \/>\nTaller No. 1: Diagn\u00f3stico de cultura corporativa empresarial y condiciones financieras.<br \/>\nTaller No. 2: Diagn\u00f3stico de producto o servicio, digitalizaci\u00f3n y herramientas de e-commerce de la empresa.<br \/>\nTaller No. 3: Evaluaci\u00f3n y an\u00e1lisis de factores internos y externos de oportunidades y amenazas para la internacionalizaci\u00f3n de la empresa.<br \/>\nTaller 4: Recomendaciones y conclusiones. Acciones inmediatas para la introducci\u00f3n en un mercado en el extranjero.<\/p>\n<p>ETAPA II: FACTORES EVALUACI\u00d3N Y SELECCI\u00d3N MERCADO OBJETIVO Y ALTERNO<br \/>\nDESCRIPCI\u00d3N: Caracter\u00edsticas que permitir\u00e1n definir el mercado con mayor probabilidad de \u00e9xito en el cual se introducir\u00e1 un producto o servicio. Incluyen dos pa\u00edses \/ mercados (objetivo y alterno) que servir\u00e1n de apoyo para evaluar la potencialidad de manera alternativa.<br \/>\nALCANCE: Se realiza la matriz de comparaci\u00f3n de 2 pa\u00edses seleccionados en donde se eval\u00faan y ponderan los aspectos que se mencionan a continuaci\u00f3n. Adicionalmente se entrega un reporte justificando el mercado objetivo, alterno.<\/p>\n<p>A. VARIABLES MACROECON\u00d3MICAS (CUANDO APLIQUE)<br \/>\n1. Poblaci\u00f3n<br \/>\n2. PIB (USD Millones)<br \/>\n3. PIB per c\u00e1pita (USD)<br \/>\n4. Porcentaje crecimiento PIB (%)<br \/>\n5. Porcentaje Tasa devaluaci\u00f3n (%)<br \/>\n6. Tipo cambio (moneda pa\u00eds\/USD)<br \/>\n7. Tipo de cambio bilateral (moneda pa\u00eds extranjero\/moneda pa\u00eds local)<br \/>\n8. Porcentaje Desempleo (%)<br \/>\n9. Porcentaje Inflaci\u00f3n (%)<br \/>\n10. Riesgo de no pago<\/p>\n<p>B. VARIABLES LOG\u00cdSTICAS (CUANDO APLIQUE)<br \/>\n1. Infraestructura local<br \/>\n2. N\u00famero de aeropuertos internacionales<br \/>\n3. N\u00famero de puertos internacionales<br \/>\n4. Sistema financiero<br \/>\n5. Oferta de empresas de log\u00edstica<br \/>\n6. Oferta de agencias aduanales<br \/>\n7. Huelgas<br \/>\n8. Costos de transporte<\/p>\n<p>C. VARIABLES DEMOGR\u00c1FICAS (CUANDO APLIQUE)<br \/>\n1. Tipo de gobierno<br \/>\n2. Religi\u00f3n<br \/>\n3. Idioma oficial<br \/>\n4. N\u00famero de idiomas que se habla<br \/>\n5. Cercan\u00eda cultural<br \/>\n6. Cultura de apertura a extranjeros<br \/>\n7. N\u00famero de d\u00edas festivos<\/p>\n<p>D. VARIABLES MERCADO (CUANDO APLIQUE)<br \/>\n1. Competencia local<br \/>\n2. Competencia Internacional<br \/>\n3. Barreras Arancelarias<br \/>\n4. Barreras NO Arancelarias<br \/>\n5. Uso de tecnolog\u00eda<br \/>\n6. Compra tradicional<br \/>\n7. Compra a trav\u00e9s de internet<\/p>\n<p>E. VARIABLES COMERCIO EXTERIOR (CUANDO APLIQUE)<br \/>\n1. Tratados libre comercio con el pa\u00eds origen<br \/>\n2. Apertura a productos\/servicios extranjeros<br \/>\n3. Exporta el producto o servicio al extranjero<\/p>\n<p>ETAPA III: PROPUESTA DE VALOR A LA MEDIDA. PRODUCT MARKET FIT.<br \/>\nDESCRIPCI\u00d3N: One Pager entregado por parte del cliente, de acuerdo a la empresa.<br \/>\nALCANCE DEL SERVICIO:<\/p>\n<p>1. Se analizan cinco potenciales competidores en el mercado objetivo, teniendo en cuenta las funcionalidades del producto\/servicio.<\/p>\n<p>2. Se genera un informe en donde se determina la vertical de producto\/servicio de la empresa participante con mayor potencial de introducci\u00f3n y desarrollo en el mercado. Adicionalmente, se establece la zona en donde tiene mayor potencialidad para el desarrollo y crecimiento del mismo.<\/p>\n<p>3. Se crea la estrategia de mercado con base en: An\u00e1lisis de vertical producto, geograf\u00eda potencial, introducci\u00f3n con operaci\u00f3n propia o incluyendo aliados, recursos externos, rondas de inversi\u00f3n e inversionistas. Conclusiones y recomendaciones-<\/p>\n<p>Se entregar\u00e1 un cuadro comparativo de la competencia.<\/p>\n<p>ETAPA IV: TOUR FAMILIARIZACI\u00d3N. MISI\u00d3N COMERCIAL PRESENCIAL O VIRTUAL.<br \/>\nDESCRIPCI\u00d3N: Se llevar\u00e1n a cabo 8 citas de negocios con potenciales clientes, aliados, entidades del sector p\u00fablico, asociaciones entre otros.<br \/>\nETAPA V: EVALUACI\u00d3N DE SOFTLANDING. Incluido cuando se toma el programa en su totalidad.<\/p>\n<p>Resultados del programa. Retroalimentaci\u00f3n.<\/p>\n","protected":false},"excerpt":{"rendered":"<p>Internacionalizaci\u00f3n guiada y con acompa\u00f1amiento que permite identificar y evaluar un mercado objetivo en lo te\u00f3rico y experimental para obtener de manera efectiva clientes, socios de negocio o inversionistas en el territorio deseado.<\/p>\n","protected":false},"featured_media":8150,"template":"","meta":{"_acf_changed":false},"country":[],"product_brand":[],"product_cat":[906,909],"product_tag":[],"class_list":{"0":"post-6146","1":"product","2":"type-product","3":"status-publish","4":"has-post-thumbnail","6":"product_cat-marketing-y-ventas","7":"product_cat-softlanding","9":"first","10":"instock","11":"virtual","12":"purchasable","13":"product-type-simple"},"acf":[],"_links":{"self":[{"href":"https:\/\/dcobys.com\/es\/wp-json\/wp\/v2\/product\/6146","targetHints":{"allow":["GET"]}}],"collection":[{"href":"https:\/\/dcobys.com\/es\/wp-json\/wp\/v2\/product"}],"about":[{"href":"https:\/\/dcobys.com\/es\/wp-json\/wp\/v2\/types\/product"}],"version-history":[{"count":0,"href":"https:\/\/dcobys.com\/es\/wp-json\/wp\/v2\/product\/6146\/revisions"}],"wp:featuredmedia":[{"embeddable":true,"href":"https:\/\/dcobys.com\/es\/wp-json\/wp\/v2\/media\/8150"}],"wp:attachment":[{"href":"https:\/\/dcobys.com\/es\/wp-json\/wp\/v2\/media?parent=6146"}],"wp:term":[{"taxonomy":"country","embeddable":true,"href":"https:\/\/dcobys.com\/es\/wp-json\/wp\/v2\/country?post=6146"},{"taxonomy":"product_brand","embeddable":true,"href":"https:\/\/dcobys.com\/es\/wp-json\/wp\/v2\/product_brand?post=6146"},{"taxonomy":"product_cat","embeddable":true,"href":"https:\/\/dcobys.com\/es\/wp-json\/wp\/v2\/product_cat?post=6146"},{"taxonomy":"product_tag","embeddable":true,"href":"https:\/\/dcobys.com\/es\/wp-json\/wp\/v2\/product_tag?post=6146"}],"curies":[{"name":"wp","href":"https:\/\/api.w.org\/{rel}","templated":true}]}}