{"id":6144,"date":"2025-12-15T11:14:01","date_gmt":"2025-12-15T16:14:01","guid":{"rendered":"https:\/\/dcobys.com\/services\/uncategorized\/all-in-one-extended-business-subscription\/"},"modified":"2026-01-30T18:15:49","modified_gmt":"2026-01-30T23:15:49","slug":"all-in-one-extended-business-subscription","status":"publish","type":"product","link":"https:\/\/dcobys.com\/es\/services\/marketing-y-ventas\/marketing-y-ventas-multiservicio\/all-in-one-extended-business-subscription\/","title":{"rendered":"Multi Servicio Extendido por suscripci\u00f3n"},"content":{"rendered":"<p>Actividades incluidas:<br \/>\n1. Planeaci\u00f3n de hasta 4 categor\u00edas de servicios que se incluir\u00e1n y se entregar\u00e1n durante el periodo de la suscripci\u00f3n.<br \/>\n2. Cronograma digital de entrega de resultados de los servicios seleccionados y aprobados por el cliente.<br \/>\n3. Informe digital mensual de los servicios seleccionado(s) y aprobado por el cliente con su respectivo alcance.<br \/>\n4. Reuni\u00f3n mensual con la presentaci\u00f3n de los resultados en caso de ser requerido por el cliente.<br \/>\n5. Conclusiones y recomendaciones.<\/p>\n<p>Servicios disponibles a seleccionar:<br \/>\n1. Investigaci\u00f3n de Mercados extendida por suscripci\u00f3n: vigencia m\u00ednima 3 meses.<br \/>\n2. Pipeline Internacional 8 : vigencia m\u00ednima 3 meses.<br \/>\n3. Sales on Demand o Sales on Demand Extendido: vigencia m\u00ednima 3 meses.<br \/>\n4. Consultor en Marketing y Ventas o Consultor en Marketing y Ventas Extendido: vigencia m\u00ednima 3 meses<\/p>\n","protected":false},"excerpt":{"rendered":"<p>Un servicio extendido que ofrece soluciones de investigaci\u00f3n, marketing y ventas que permiten a su empresa crecer y expandirse eficientemente en los mercados locales e internacionales a trav\u00e9s de estrategias r\u00e1pidas, din\u00e1micas y orientadas a resultados.<\/p>\n","protected":false},"featured_media":8147,"template":"","meta":{"_acf_changed":false},"country":[],"product_brand":[],"product_cat":[906,910],"product_tag":[],"class_list":{"0":"post-6144","1":"product","2":"type-product","3":"status-publish","4":"has-post-thumbnail","6":"product_cat-marketing-y-ventas","7":"product_cat-marketing-y-ventas-multiservicio","9":"first","10":"instock","11":"virtual","12":"purchasable","13":"product-type-simple"},"acf":[],"_links":{"self":[{"href":"https:\/\/dcobys.com\/es\/wp-json\/wp\/v2\/product\/6144","targetHints":{"allow":["GET"]}}],"collection":[{"href":"https:\/\/dcobys.com\/es\/wp-json\/wp\/v2\/product"}],"about":[{"href":"https:\/\/dcobys.com\/es\/wp-json\/wp\/v2\/types\/product"}],"version-history":[{"count":0,"href":"https:\/\/dcobys.com\/es\/wp-json\/wp\/v2\/product\/6144\/revisions"}],"wp:featuredmedia":[{"embeddable":true,"href":"https:\/\/dcobys.com\/es\/wp-json\/wp\/v2\/media\/8147"}],"wp:attachment":[{"href":"https:\/\/dcobys.com\/es\/wp-json\/wp\/v2\/media?parent=6144"}],"wp:term":[{"taxonomy":"country","embeddable":true,"href":"https:\/\/dcobys.com\/es\/wp-json\/wp\/v2\/country?post=6144"},{"taxonomy":"product_brand","embeddable":true,"href":"https:\/\/dcobys.com\/es\/wp-json\/wp\/v2\/product_brand?post=6144"},{"taxonomy":"product_cat","embeddable":true,"href":"https:\/\/dcobys.com\/es\/wp-json\/wp\/v2\/product_cat?post=6144"},{"taxonomy":"product_tag","embeddable":true,"href":"https:\/\/dcobys.com\/es\/wp-json\/wp\/v2\/product_tag?post=6144"}],"curies":[{"name":"wp","href":"https:\/\/api.w.org\/{rel}","templated":true}]}}