{"id":6142,"date":"2025-12-15T11:14:01","date_gmt":"2025-12-15T16:14:01","guid":{"rendered":"https:\/\/dcobys.com\/services\/uncategorized\/all-in-one-business-subscription\/"},"modified":"2026-01-30T18:15:49","modified_gmt":"2026-01-30T23:15:49","slug":"all-in-one-business-subscription","status":"publish","type":"product","link":"https:\/\/dcobys.com\/es\/services\/marketing-y-ventas\/marketing-y-ventas-multiservicio\/all-in-one-business-subscription\/","title":{"rendered":"Multi Servicio por suscripci\u00f3n"},"content":{"rendered":"<p>Actividades incluidas:<br \/>\n1. Planeaci\u00f3n de hasta 4 categor\u00edas de servicios que se incluir\u00e1n y se entregar\u00e1n durante el periodo de la suscripci\u00f3n.<br \/>\n2. Cronograma digital de entrega de resultados de los servicios seleccionados y aprobados por el cliente.<br \/>\n3. Informe digital mensual de los servicios seleccionado(s) y aprobado por el cliente con su respectivo alcance.<br \/>\n4. Reuni\u00f3n mensual con la presentaci\u00f3n de los resultados en caso de ser requerido por el cliente.<br \/>\n5. Conclusiones y recomendaciones.<\/p>\n<p>Servicios disponibles a seleccionar:<br \/>\n1. Investigaci\u00f3n de mercados b\u00e1sica por suscripci\u00f3n: vigencia m\u00ednima 3 meses.<br \/>\n2. Pipeline Internacional 4 : vigencia m\u00ednima 3 meses<br \/>\n3. Sales on Demand: vigencia m\u00ednima 3 meses<br \/>\n4. Consultor de marketing y ventas: vigencia m\u00ednima 3 meses<\/p>\n","protected":false},"excerpt":{"rendered":"<p>Actividades de investigaci\u00f3n, de mercadeo y ventas, que consolidan y permiten expandir a una empresa en el mercado local o internacional de manera r\u00e1pida, din\u00e1mica y efectiva.<\/p>\n","protected":false},"featured_media":8144,"template":"","meta":{"_acf_changed":false},"country":[],"product_brand":[],"product_cat":[906,910],"product_tag":[],"class_list":{"0":"post-6142","1":"product","2":"type-product","3":"status-publish","4":"has-post-thumbnail","6":"product_cat-marketing-y-ventas","7":"product_cat-marketing-y-ventas-multiservicio","9":"first","10":"instock","11":"virtual","12":"purchasable","13":"product-type-simple"},"acf":[],"_links":{"self":[{"href":"https:\/\/dcobys.com\/es\/wp-json\/wp\/v2\/product\/6142","targetHints":{"allow":["GET"]}}],"collection":[{"href":"https:\/\/dcobys.com\/es\/wp-json\/wp\/v2\/product"}],"about":[{"href":"https:\/\/dcobys.com\/es\/wp-json\/wp\/v2\/types\/product"}],"version-history":[{"count":0,"href":"https:\/\/dcobys.com\/es\/wp-json\/wp\/v2\/product\/6142\/revisions"}],"wp:featuredmedia":[{"embeddable":true,"href":"https:\/\/dcobys.com\/es\/wp-json\/wp\/v2\/media\/8144"}],"wp:attachment":[{"href":"https:\/\/dcobys.com\/es\/wp-json\/wp\/v2\/media?parent=6142"}],"wp:term":[{"taxonomy":"country","embeddable":true,"href":"https:\/\/dcobys.com\/es\/wp-json\/wp\/v2\/country?post=6142"},{"taxonomy":"product_brand","embeddable":true,"href":"https:\/\/dcobys.com\/es\/wp-json\/wp\/v2\/product_brand?post=6142"},{"taxonomy":"product_cat","embeddable":true,"href":"https:\/\/dcobys.com\/es\/wp-json\/wp\/v2\/product_cat?post=6142"},{"taxonomy":"product_tag","embeddable":true,"href":"https:\/\/dcobys.com\/es\/wp-json\/wp\/v2\/product_tag?post=6142"}],"curies":[{"name":"wp","href":"https:\/\/api.w.org\/{rel}","templated":true}]}}