{"id":6140,"date":"2025-12-15T11:14:01","date_gmt":"2025-12-15T16:14:01","guid":{"rendered":"https:\/\/dcobys.com\/services\/uncategorized\/international-community-manager\/"},"modified":"2026-01-30T18:15:49","modified_gmt":"2026-01-30T23:15:49","slug":"international-community-manager","status":"publish","type":"product","link":"https:\/\/dcobys.com\/es\/services\/marketing-y-ventas\/inside-marketing-and-sales\/international-community-manager\/","title":{"rendered":"Community manager internacional"},"content":{"rendered":"<p>La asesor\u00eda de redes sociales incluye:<br \/>\n1. Selecci\u00f3n de dos redes incluyendo Facebook, Instagram, LinkedIn o Twitter<br \/>\n2. Creaci\u00f3n semanal de dise\u00f1os gr\u00e1ficos para las redes seleccionadas<br \/>\n3. Elaboraci\u00f3n de contenido semanal<br \/>\n4. Env\u00edo y aprobaci\u00f3n de los dise\u00f1os gr\u00e1ficos en digital y los textos<br \/>\n5. Programaci\u00f3n en las redes sociales<br \/>\n6. Publicaci\u00f3n de los dise\u00f1os y contenidos aprobados<br \/>\n7. Reporte mensual de movimiento de redes<\/p>\n","protected":false},"excerpt":{"rendered":"<p>Es el dise\u00f1o y la  creaci\u00f3n de campa\u00f1as de marketing digital corporativas en l\u00ednea para redes sociales como Facebook, Instagram, Linkedin o Twitter, con el objetivo de dar a conocer un producto o servicio en un mercado extranjero.<\/p>\n","protected":false},"featured_media":8028,"template":"","meta":{"_acf_changed":false},"country":[],"product_brand":[],"product_cat":[908,906],"product_tag":[],"class_list":{"0":"post-6140","1":"product","2":"type-product","3":"status-publish","4":"has-post-thumbnail","6":"product_cat-inside-marketing-and-sales","7":"product_cat-marketing-y-ventas","9":"first","10":"instock","11":"virtual","12":"purchasable","13":"product-type-simple"},"acf":[],"_links":{"self":[{"href":"https:\/\/dcobys.com\/es\/wp-json\/wp\/v2\/product\/6140","targetHints":{"allow":["GET"]}}],"collection":[{"href":"https:\/\/dcobys.com\/es\/wp-json\/wp\/v2\/product"}],"about":[{"href":"https:\/\/dcobys.com\/es\/wp-json\/wp\/v2\/types\/product"}],"version-history":[{"count":0,"href":"https:\/\/dcobys.com\/es\/wp-json\/wp\/v2\/product\/6140\/revisions"}],"wp:featuredmedia":[{"embeddable":true,"href":"https:\/\/dcobys.com\/es\/wp-json\/wp\/v2\/media\/8028"}],"wp:attachment":[{"href":"https:\/\/dcobys.com\/es\/wp-json\/wp\/v2\/media?parent=6140"}],"wp:term":[{"taxonomy":"country","embeddable":true,"href":"https:\/\/dcobys.com\/es\/wp-json\/wp\/v2\/country?post=6140"},{"taxonomy":"product_brand","embeddable":true,"href":"https:\/\/dcobys.com\/es\/wp-json\/wp\/v2\/product_brand?post=6140"},{"taxonomy":"product_cat","embeddable":true,"href":"https:\/\/dcobys.com\/es\/wp-json\/wp\/v2\/product_cat?post=6140"},{"taxonomy":"product_tag","embeddable":true,"href":"https:\/\/dcobys.com\/es\/wp-json\/wp\/v2\/product_tag?post=6140"}],"curies":[{"name":"wp","href":"https:\/\/api.w.org\/{rel}","templated":true}]}}