{"id":6138,"date":"2025-12-15T11:14:01","date_gmt":"2025-12-15T16:14:01","guid":{"rendered":"https:\/\/dcobys.com\/services\/uncategorized\/inside-marketing-and-sales-one-time\/"},"modified":"2026-01-30T18:15:49","modified_gmt":"2026-01-30T23:15:49","slug":"inside-marketing-and-sales-one-time","status":"publish","type":"product","link":"https:\/\/dcobys.com\/es\/services\/marketing-y-ventas\/inside-marketing-and-sales\/inside-marketing-and-sales-one-time\/","title":{"rendered":"Inside Marketing and Sales One-Time"},"content":{"rendered":"<p>Alcance del Servicio:<\/p>\n<p>1. Se asignar\u00e1 un (1) Consultor de Dcobys para desarrollar actividades espec\u00edficas adaptadas a los requisitos del cliente.<br \/>\n2. Las tareas y actividades del consultor pueden incluir:<br \/>\n\u2022 An\u00e1lisis, investigaci\u00f3n y prospecci\u00f3n de negocios en diversas geograf\u00edas.<br \/>\n\u2022 Creaci\u00f3n de activos de marketing digital.<br \/>\n\u2022 Investigaci\u00f3n y creaci\u00f3n de listas de prospecci\u00f3n B2B, B2C o B2B2C seg\u00fan corresponda.<br \/>\n\u2022 Calificaci\u00f3n autom\u00e1tica y manual de leads.<br \/>\n\u2022 Gesti\u00f3n de campa\u00f1as de mercado.<br \/>\n\u2022 Establecimiento de citas de ventas.<br \/>\n\u2022 Encuestas de mercado.<br \/>\n\u2022 Otras actividades relacionadas con marketing, investigaci\u00f3n y prospecci\u00f3n.<br \/>\n3. El consultor asignado estar\u00e1 en comunicaci\u00f3n permanente con el cliente. El consultor realizar\u00e1 reuniones peri\u00f3dicas para conocer el progreso dentro del tiempo acordado cuando el cliente lo solicite.<br \/>\n4. Dcobys asignar\u00e1 un Gerente de Cuenta para verificar la prestaci\u00f3n del servicio. Asimismo, en funci\u00f3n de las caracter\u00edsticas del proyecto, se programar\u00e1n sesiones con el cliente.<br \/>\n5. El consultor asignado por Dcobys contar\u00e1 con equipo inform\u00e1tico, acceso a internet y herramientas tecnol\u00f3gicas como: Office365 (correo electr\u00f3nico de dominio Dcobys y acceso a aplicaciones de colaboraci\u00f3n), CRM Salesforce, Market Automation Pardot, herramientas de dise\u00f1o y software para la creaci\u00f3n de activos de marketing.<\/p>\n","protected":false},"excerpt":{"rendered":"<p>Consultor experimentado en marketing y ventas, especializado en apoyo virtual para impulsar el crecimiento empresarial y la expansi\u00f3n internacional en diversos mercados locales y globales.<\/p>\n","protected":false},"featured_media":8025,"template":"","meta":{"_acf_changed":false},"country":[],"product_brand":[],"product_cat":[908,906],"product_tag":[],"class_list":{"0":"post-6138","1":"product","2":"type-product","3":"status-publish","4":"has-post-thumbnail","6":"product_cat-inside-marketing-and-sales","7":"product_cat-marketing-y-ventas","9":"first","10":"instock","11":"virtual","12":"purchasable","13":"product-type-simple"},"acf":[],"_links":{"self":[{"href":"https:\/\/dcobys.com\/es\/wp-json\/wp\/v2\/product\/6138","targetHints":{"allow":["GET"]}}],"collection":[{"href":"https:\/\/dcobys.com\/es\/wp-json\/wp\/v2\/product"}],"about":[{"href":"https:\/\/dcobys.com\/es\/wp-json\/wp\/v2\/types\/product"}],"version-history":[{"count":0,"href":"https:\/\/dcobys.com\/es\/wp-json\/wp\/v2\/product\/6138\/revisions"}],"wp:featuredmedia":[{"embeddable":true,"href":"https:\/\/dcobys.com\/es\/wp-json\/wp\/v2\/media\/8025"}],"wp:attachment":[{"href":"https:\/\/dcobys.com\/es\/wp-json\/wp\/v2\/media?parent=6138"}],"wp:term":[{"taxonomy":"country","embeddable":true,"href":"https:\/\/dcobys.com\/es\/wp-json\/wp\/v2\/country?post=6138"},{"taxonomy":"product_brand","embeddable":true,"href":"https:\/\/dcobys.com\/es\/wp-json\/wp\/v2\/product_brand?post=6138"},{"taxonomy":"product_cat","embeddable":true,"href":"https:\/\/dcobys.com\/es\/wp-json\/wp\/v2\/product_cat?post=6138"},{"taxonomy":"product_tag","embeddable":true,"href":"https:\/\/dcobys.com\/es\/wp-json\/wp\/v2\/product_tag?post=6138"}],"curies":[{"name":"wp","href":"https:\/\/api.w.org\/{rel}","templated":true}]}}