{"id":6134,"date":"2025-12-15T11:14:01","date_gmt":"2025-12-15T16:14:01","guid":{"rendered":"https:\/\/dcobys.com\/services\/uncategorized\/sales-and-marketing-growth-suite\/"},"modified":"2026-01-30T18:15:49","modified_gmt":"2026-01-30T23:15:49","slug":"sales-and-marketing-growth-suite","status":"publish","type":"product","link":"https:\/\/dcobys.com\/es\/services\/marketing-y-ventas\/inside-marketing-and-sales\/sales-and-marketing-growth-suite\/","title":{"rendered":"Consultor en Mercadeo y Ventas por suscripci\u00f3n"},"content":{"rendered":"<p>Las actividades inclu\u00eddas son:<br \/>\n1.\u00a0\u00a0\u00a0\u00a0 Asignaci\u00f3n de un consultor de Dcobys  por  4 horas diarias en los d\u00edas h\u00e1biles comprendidos entre el Lunes y Viernes.<br \/>\n2.\u00a0\u00a0\u00a0\u00a0 Las labores que podr\u00e1 realizar el consultor incluir\u00e1 cualquiera de las siguientes:<br \/>\n\u00b7\u00a0\u00a0\u00a0\u00a0\u00a0 An\u00e1lisis, investigaci\u00f3n y prospecci\u00f3n de negocios en diversas geograf\u00edas.<br \/>\n\u00b7\u00a0\u00a0\u00a0\u00a0\u00a0 Elaboraci\u00f3n de piezas de marketing digital.<br \/>\n\u00b7\u00a0\u00a0\u00a0\u00a0\u00a0 Investigaci\u00f3n y construcci\u00f3n de listas de prospecci\u00f3n B2B, B2C o B2B2C seg\u00fan corresponda.<br \/>\n\u00b7\u00a0\u00a0\u00a0\u00a0\u00a0 Calificaci\u00f3n autom\u00e1tica y manual de clientes potenciales.<br \/>\n\u00b7\u00a0\u00a0\u00a0\u00a0\u00a0 Administraci\u00f3n de campa\u00f1as de entrada y salida.<br \/>\n\u00b7\u00a0\u00a0\u00a0\u00a0\u00a0 Establecimiento de reuniones y citas de ventas.<br \/>\n\u00b7\u00a0\u00a0\u00a0\u00a0\u00a0 Sondeos de mercado.<br \/>\n\u00b7\u00a0\u00a0\u00a0\u00a0\u00a0 Otras actividades relacionadas con mercadeo, investigaci\u00f3n y prospecci\u00f3n.<br \/>\n3.\u00a0\u00a0\u00a0\u00a0 El consultor asignado estar\u00e1 en comunicaci\u00f3n permanente con el el cliente.<br \/>\n4.\u00a0\u00a0\u00a0\u00a0 Se realizar\u00e1 reuniones peri\u00f3dicas para conocer los avances dentro del horario acordado cuando el cliente lo solicite.<br \/>\n5.\u00a0\u00a0\u00a0\u00a0 Dcobys se encargar\u00e1 de todo lo relacionado con equipo de trabajo, reclutamiento, incorporaci\u00f3n, entrenamiento y supervisi\u00f3n.<\/p>\n","protected":false},"excerpt":{"rendered":"<p>Consultor especializado que, de forma virtual, ejecuta estrategias de marketing y ventas dise\u00f1adas para impulsar la expansi\u00f3n e internacionalizaci\u00f3n de empresas en mercados locales e internacionales.<\/p>\n","protected":false},"featured_media":8019,"template":"","meta":{"_acf_changed":false},"country":[],"product_brand":[],"product_cat":[908,906],"product_tag":[],"class_list":{"0":"post-6134","1":"product","2":"type-product","3":"status-publish","4":"has-post-thumbnail","6":"product_cat-inside-marketing-and-sales","7":"product_cat-marketing-y-ventas","9":"first","10":"instock","11":"virtual","12":"purchasable","13":"product-type-simple"},"acf":[],"_links":{"self":[{"href":"https:\/\/dcobys.com\/es\/wp-json\/wp\/v2\/product\/6134","targetHints":{"allow":["GET"]}}],"collection":[{"href":"https:\/\/dcobys.com\/es\/wp-json\/wp\/v2\/product"}],"about":[{"href":"https:\/\/dcobys.com\/es\/wp-json\/wp\/v2\/types\/product"}],"version-history":[{"count":0,"href":"https:\/\/dcobys.com\/es\/wp-json\/wp\/v2\/product\/6134\/revisions"}],"wp:featuredmedia":[{"embeddable":true,"href":"https:\/\/dcobys.com\/es\/wp-json\/wp\/v2\/media\/8019"}],"wp:attachment":[{"href":"https:\/\/dcobys.com\/es\/wp-json\/wp\/v2\/media?parent=6134"}],"wp:term":[{"taxonomy":"country","embeddable":true,"href":"https:\/\/dcobys.com\/es\/wp-json\/wp\/v2\/country?post=6134"},{"taxonomy":"product_brand","embeddable":true,"href":"https:\/\/dcobys.com\/es\/wp-json\/wp\/v2\/product_brand?post=6134"},{"taxonomy":"product_cat","embeddable":true,"href":"https:\/\/dcobys.com\/es\/wp-json\/wp\/v2\/product_cat?post=6134"},{"taxonomy":"product_tag","embeddable":true,"href":"https:\/\/dcobys.com\/es\/wp-json\/wp\/v2\/product_tag?post=6134"}],"curies":[{"name":"wp","href":"https:\/\/api.w.org\/{rel}","templated":true}]}}