{"id":6132,"date":"2025-12-15T11:14:01","date_gmt":"2025-12-15T16:14:01","guid":{"rendered":"https:\/\/dcobys.com\/services\/uncategorized\/sales-on-demand-extended\/"},"modified":"2026-01-30T18:15:49","modified_gmt":"2026-01-30T23:15:49","slug":"sales-on-demand-extended","status":"publish","type":"product","link":"https:\/\/dcobys.com\/es\/services\/marketing-y-ventas\/sales-on-demand\/sales-on-demand-extended\/","title":{"rendered":"Sales On Demand Extended"},"content":{"rendered":"<p>El servicio incluye:<br \/>\n1. Administraci\u00f3n y seguimiento de hasta 8 (ocho) leads mensuales.<br \/>\n2. Administraci\u00f3n de hasta 4 (cuatro) productos o servicios del cliente.<br \/>\n3. Cobertura de hasta 2 (dos) pa\u00edses simult\u00e1neos por mes.<br \/>\n4. Un Reporte Mensual de la administraci\u00f3n de los leads de negocio.<br \/>\n5. Seguimiento de leads en las siguientes etapas:<br \/>\n5.1. Etapa 1- Descubrimiento<br \/>\n5.2 Etapa 2 &#8211; Calificaci\u00f3n<br \/>\n5.3 Etapa 3 &#8211; Evaluaci\u00f3n<br \/>\n5.4 Etapa 4 &#8211; Selecci\u00f3n<br \/>\n6. (1) Una Reuni\u00f3n de frecuencia mensual &#8211; de presentaci\u00f3n de los estatus de los leads de negocio que acompa\u00f1a el reporte mensual.<\/p>\n","protected":false},"excerpt":{"rendered":"<p>Administraci\u00f3n de de leads de negocios calificados que permite pasar desde el estado 1 (Descubrimiento) hasta el estado 4 (Selecci\u00f3n), garantizando su seguimiento, desarrollo de los procesos de ventas, acelerando, escalando e incrementando el cierre exitoso.<\/p>\n","protected":false},"featured_media":8225,"template":"","meta":{"_acf_changed":false},"country":[],"product_brand":[],"product_cat":[906,907],"product_tag":[],"class_list":{"0":"post-6132","1":"product","2":"type-product","3":"status-publish","4":"has-post-thumbnail","6":"product_cat-marketing-y-ventas","7":"product_cat-sales-on-demand","9":"first","10":"instock","11":"virtual","12":"purchasable","13":"product-type-simple"},"acf":[],"_links":{"self":[{"href":"https:\/\/dcobys.com\/es\/wp-json\/wp\/v2\/product\/6132","targetHints":{"allow":["GET"]}}],"collection":[{"href":"https:\/\/dcobys.com\/es\/wp-json\/wp\/v2\/product"}],"about":[{"href":"https:\/\/dcobys.com\/es\/wp-json\/wp\/v2\/types\/product"}],"version-history":[{"count":0,"href":"https:\/\/dcobys.com\/es\/wp-json\/wp\/v2\/product\/6132\/revisions"}],"wp:featuredmedia":[{"embeddable":true,"href":"https:\/\/dcobys.com\/es\/wp-json\/wp\/v2\/media\/8225"}],"wp:attachment":[{"href":"https:\/\/dcobys.com\/es\/wp-json\/wp\/v2\/media?parent=6132"}],"wp:term":[{"taxonomy":"country","embeddable":true,"href":"https:\/\/dcobys.com\/es\/wp-json\/wp\/v2\/country?post=6132"},{"taxonomy":"product_brand","embeddable":true,"href":"https:\/\/dcobys.com\/es\/wp-json\/wp\/v2\/product_brand?post=6132"},{"taxonomy":"product_cat","embeddable":true,"href":"https:\/\/dcobys.com\/es\/wp-json\/wp\/v2\/product_cat?post=6132"},{"taxonomy":"product_tag","embeddable":true,"href":"https:\/\/dcobys.com\/es\/wp-json\/wp\/v2\/product_tag?post=6132"}],"curies":[{"name":"wp","href":"https:\/\/api.w.org\/{rel}","templated":true}]}}