{"id":6120,"date":"2025-12-15T11:14:08","date_gmt":"2025-12-15T16:14:08","guid":{"rendered":"https:\/\/dcobys.com\/services\/uncategorized\/tax-and-accounting-compliance-services-in-mexico-2\/"},"modified":"2026-01-30T18:09:46","modified_gmt":"2026-01-30T23:09:46","slug":"tax-and-accounting-compliance-services-in-mexico-2","status":"publish","type":"product","link":"https:\/\/dcobys.com\/es\/services\/constitucion-de-empresas\/bookkeeping-and-tax-filling\/tax-and-accounting-compliance-services-in-mexico-2\/","title":{"rendered":"Contabilidad en M\u00e9xico"},"content":{"rendered":"<p>Las declaraciones que se presentar\u00e1n se enuncian a continuaci\u00f3n. Podr\u00e1n variar con base en las actualizaciones regulatorias del pa\u00eds.<\/p>\n<p>1. Impuesto sobre la renta.<br \/>\n2. Impuesto al valor agregado (IVA).<br \/>\n3. Retenciones.<br \/>\n4. Impuesto sobre n\u00f3minas.<br \/>\n5. Declaraci\u00f3n Informativa de operaciones con terceros.<br \/>\n6. En forma complementaria se presentar\u00e1 en el mes de Febrero, o cuando corresponda la Declaraci\u00f3n Informativa M\u00faltiple (si aplica).<br \/>\n7. En el mes de marzo, o cuando aplique, se presentar\u00e1 la declaraci\u00f3n anual del ejercicio.<br \/>\n8. Elaboraci\u00f3n de facturas.<\/p>\n","protected":false},"excerpt":{"rendered":"<p>Son las declaraciones contables mensuales que requiere la sociedad y el respectivo pago de impuestos. Adicionalmente, se presentar\u00e1 la declaraci\u00f3n anual. Se realizar\u00e1 ante la autoridad correspondiente de manera virtual o presencial. <\/p>\n","protected":false},"featured_media":8201,"template":"","meta":{"_acf_changed":false},"country":[],"product_brand":[],"product_cat":[898,892],"product_tag":[],"class_list":{"0":"post-6120","1":"product","2":"type-product","3":"status-publish","4":"has-post-thumbnail","6":"product_cat-bookkeeping-and-tax-filling","7":"product_cat-constitucion-de-empresas","9":"first","10":"instock","11":"virtual","12":"purchasable","13":"product-type-simple"},"acf":[],"_links":{"self":[{"href":"https:\/\/dcobys.com\/es\/wp-json\/wp\/v2\/product\/6120","targetHints":{"allow":["GET"]}}],"collection":[{"href":"https:\/\/dcobys.com\/es\/wp-json\/wp\/v2\/product"}],"about":[{"href":"https:\/\/dcobys.com\/es\/wp-json\/wp\/v2\/types\/product"}],"version-history":[{"count":0,"href":"https:\/\/dcobys.com\/es\/wp-json\/wp\/v2\/product\/6120\/revisions"}],"wp:featuredmedia":[{"embeddable":true,"href":"https:\/\/dcobys.com\/es\/wp-json\/wp\/v2\/media\/8201"}],"wp:attachment":[{"href":"https:\/\/dcobys.com\/es\/wp-json\/wp\/v2\/media?parent=6120"}],"wp:term":[{"taxonomy":"country","embeddable":true,"href":"https:\/\/dcobys.com\/es\/wp-json\/wp\/v2\/country?post=6120"},{"taxonomy":"product_brand","embeddable":true,"href":"https:\/\/dcobys.com\/es\/wp-json\/wp\/v2\/product_brand?post=6120"},{"taxonomy":"product_cat","embeddable":true,"href":"https:\/\/dcobys.com\/es\/wp-json\/wp\/v2\/product_cat?post=6120"},{"taxonomy":"product_tag","embeddable":true,"href":"https:\/\/dcobys.com\/es\/wp-json\/wp\/v2\/product_tag?post=6120"}],"curies":[{"name":"wp","href":"https:\/\/api.w.org\/{rel}","templated":true}]}}