{"id":6106,"date":"2025-12-15T11:14:08","date_gmt":"2025-12-15T16:14:08","guid":{"rendered":"https:\/\/dcobys.com\/services\/uncategorized\/payroll-and-social-security-registration-in-mexico-2\/"},"modified":"2026-01-30T18:09:46","modified_gmt":"2026-01-30T23:09:46","slug":"payroll-and-social-security-registration-in-mexico-2","status":"publish","type":"product","link":"https:\/\/dcobys.com\/es\/services\/constitucion-de-empresas\/business-formation\/payroll-and-social-security-registration-in-mexico-2\/","title":{"rendered":"Inscripci\u00f3n de n\u00f3mina y seguro social en M\u00e9xico"},"content":{"rendered":"<p>Se obtendr\u00e1 un documento con el registro de todos los empleados que se incluir\u00e1n en la n\u00f3mina de la nueva sociedad. Las variables que se incluyen son:<br \/>\n1. Solicitud de los documentos de la empresa y los empleados que se dar\u00e1n de alta<br \/>\n2. Revisi\u00f3n de los documentos<br \/>\n3. Presentaci\u00f3n de los documentos y llenado de formularios ante la entidad correspondiente<br \/>\n4. Obtenci\u00f3n de los registros<\/p>\n","protected":false},"excerpt":{"rendered":"<p>Es el procedimiento administrativo ante la entidad correspondiente para dar de alta a los empleados de la nueva sociedad.<\/p>\n","protected":false},"featured_media":8189,"template":"","meta":{"_acf_changed":false},"country":[],"product_brand":[],"product_cat":[899,892],"product_tag":[],"class_list":{"0":"post-6106","1":"product","2":"type-product","3":"status-publish","4":"has-post-thumbnail","6":"product_cat-business-formation","7":"product_cat-constitucion-de-empresas","9":"first","10":"instock","11":"virtual","12":"purchasable","13":"product-type-simple"},"acf":[],"_links":{"self":[{"href":"https:\/\/dcobys.com\/es\/wp-json\/wp\/v2\/product\/6106","targetHints":{"allow":["GET"]}}],"collection":[{"href":"https:\/\/dcobys.com\/es\/wp-json\/wp\/v2\/product"}],"about":[{"href":"https:\/\/dcobys.com\/es\/wp-json\/wp\/v2\/types\/product"}],"version-history":[{"count":0,"href":"https:\/\/dcobys.com\/es\/wp-json\/wp\/v2\/product\/6106\/revisions"}],"wp:featuredmedia":[{"embeddable":true,"href":"https:\/\/dcobys.com\/es\/wp-json\/wp\/v2\/media\/8189"}],"wp:attachment":[{"href":"https:\/\/dcobys.com\/es\/wp-json\/wp\/v2\/media?parent=6106"}],"wp:term":[{"taxonomy":"country","embeddable":true,"href":"https:\/\/dcobys.com\/es\/wp-json\/wp\/v2\/country?post=6106"},{"taxonomy":"product_brand","embeddable":true,"href":"https:\/\/dcobys.com\/es\/wp-json\/wp\/v2\/product_brand?post=6106"},{"taxonomy":"product_cat","embeddable":true,"href":"https:\/\/dcobys.com\/es\/wp-json\/wp\/v2\/product_cat?post=6106"},{"taxonomy":"product_tag","embeddable":true,"href":"https:\/\/dcobys.com\/es\/wp-json\/wp\/v2\/product_tag?post=6106"}],"curies":[{"name":"wp","href":"https:\/\/api.w.org\/{rel}","templated":true}]}}