{"id":6104,"date":"2025-12-15T11:14:08","date_gmt":"2025-12-15T16:14:08","guid":{"rendered":"https:\/\/dcobys.com\/services\/uncategorized\/national-registry-of-foreign-investments-in-mexico-2\/"},"modified":"2026-01-30T18:09:46","modified_gmt":"2026-01-30T23:09:46","slug":"national-registry-of-foreign-investments-in-mexico-2","status":"publish","type":"product","link":"https:\/\/dcobys.com\/es\/services\/constitucion-de-empresas\/business-formation\/national-registry-of-foreign-investments-in-mexico-2\/","title":{"rendered":"Registro nacional de inversiones extranjeras en M\u00e9xico"},"content":{"rendered":"<p>Se entregar\u00e1 un documento con el respectivo registro. Las variables que se incluyen para el tr\u00e1mite son:<br \/>\n1. Llenado de formulario ante la entidad correspondiente<br \/>\n2. Presentaci\u00f3n<br \/>\n3. Obtenci\u00f3n del registro<br \/>\n4. Gestor\u00eda de pago de multas en caso que se generen por pagos extempor\u00e1neos<\/p>\n","protected":false},"excerpt":{"rendered":"<p>Es la notificaci\u00f3n ante la entidad de gobierno correspondiente sobre la creaci\u00f3n de una nueva sociedad en el territorio nacional cuyo capital proviene del extranjero.<\/p>\n","protected":false},"featured_media":8186,"template":"","meta":{"_acf_changed":false},"country":[],"product_brand":[],"product_cat":[899,892],"product_tag":[],"class_list":{"0":"post-6104","1":"product","2":"type-product","3":"status-publish","4":"has-post-thumbnail","6":"product_cat-business-formation","7":"product_cat-constitucion-de-empresas","9":"first","10":"instock","11":"virtual","12":"purchasable","13":"product-type-simple"},"acf":[],"_links":{"self":[{"href":"https:\/\/dcobys.com\/es\/wp-json\/wp\/v2\/product\/6104","targetHints":{"allow":["GET"]}}],"collection":[{"href":"https:\/\/dcobys.com\/es\/wp-json\/wp\/v2\/product"}],"about":[{"href":"https:\/\/dcobys.com\/es\/wp-json\/wp\/v2\/types\/product"}],"version-history":[{"count":0,"href":"https:\/\/dcobys.com\/es\/wp-json\/wp\/v2\/product\/6104\/revisions"}],"wp:featuredmedia":[{"embeddable":true,"href":"https:\/\/dcobys.com\/es\/wp-json\/wp\/v2\/media\/8186"}],"wp:attachment":[{"href":"https:\/\/dcobys.com\/es\/wp-json\/wp\/v2\/media?parent=6104"}],"wp:term":[{"taxonomy":"country","embeddable":true,"href":"https:\/\/dcobys.com\/es\/wp-json\/wp\/v2\/country?post=6104"},{"taxonomy":"product_brand","embeddable":true,"href":"https:\/\/dcobys.com\/es\/wp-json\/wp\/v2\/product_brand?post=6104"},{"taxonomy":"product_cat","embeddable":true,"href":"https:\/\/dcobys.com\/es\/wp-json\/wp\/v2\/product_cat?post=6104"},{"taxonomy":"product_tag","embeddable":true,"href":"https:\/\/dcobys.com\/es\/wp-json\/wp\/v2\/product_tag?post=6104"}],"curies":[{"name":"wp","href":"https:\/\/api.w.org\/{rel}","templated":true}]}}