{"id":6102,"date":"2025-12-15T11:14:08","date_gmt":"2025-12-15T16:14:08","guid":{"rendered":"https:\/\/dcobys.com\/services\/uncategorized\/tax-identification-number-rfc-in-mexico-2\/"},"modified":"2026-01-30T18:09:46","modified_gmt":"2026-01-30T23:09:46","slug":"tax-identification-number-rfc-in-mexico-2","status":"publish","type":"product","link":"https:\/\/dcobys.com\/es\/services\/constitucion-de-empresas\/business-formation\/tax-identification-number-rfc-in-mexico-2\/","title":{"rendered":"Inscripci\u00f3n en el Registro de Contribuyentes en M\u00e9xico"},"content":{"rendered":"<p>Se entregar\u00e1 un documento con la identificaci\u00f3n oficial tributaria de la sociedad. Las variables que se incluyen para el tr\u00e1mite son:<br \/>\n1. Domicilio Fiscal y comercial de la sociedad proporcionado por los socios contratado con Dcobys<br \/>\n2. Contrato de subarriendo<br \/>\n3. Agendamiento de cita<br \/>\n4. Presentaci\u00f3n f\u00edsica o virtual para tr\u00e1mite<br \/>\n5. Llenado de formularios para el tr\u00e1mite ante el SAT<br \/>\n6. Obtenci\u00f3n de la identificaci\u00f3n oficial<\/p>\n","protected":false},"excerpt":{"rendered":"<p>Es la obtenci\u00f3n de la identificaci\u00f3n oficial de la sociedad en el extranjero.<\/p>\n","protected":false},"featured_media":8183,"template":"","meta":{"_acf_changed":false},"country":[],"product_brand":[],"product_cat":[899,892],"product_tag":[],"class_list":{"0":"post-6102","1":"product","2":"type-product","3":"status-publish","4":"has-post-thumbnail","6":"product_cat-business-formation","7":"product_cat-constitucion-de-empresas","9":"first","10":"instock","11":"virtual","12":"purchasable","13":"product-type-simple"},"acf":[],"_links":{"self":[{"href":"https:\/\/dcobys.com\/es\/wp-json\/wp\/v2\/product\/6102","targetHints":{"allow":["GET"]}}],"collection":[{"href":"https:\/\/dcobys.com\/es\/wp-json\/wp\/v2\/product"}],"about":[{"href":"https:\/\/dcobys.com\/es\/wp-json\/wp\/v2\/types\/product"}],"version-history":[{"count":0,"href":"https:\/\/dcobys.com\/es\/wp-json\/wp\/v2\/product\/6102\/revisions"}],"wp:featuredmedia":[{"embeddable":true,"href":"https:\/\/dcobys.com\/es\/wp-json\/wp\/v2\/media\/8183"}],"wp:attachment":[{"href":"https:\/\/dcobys.com\/es\/wp-json\/wp\/v2\/media?parent=6102"}],"wp:term":[{"taxonomy":"country","embeddable":true,"href":"https:\/\/dcobys.com\/es\/wp-json\/wp\/v2\/country?post=6102"},{"taxonomy":"product_brand","embeddable":true,"href":"https:\/\/dcobys.com\/es\/wp-json\/wp\/v2\/product_brand?post=6102"},{"taxonomy":"product_cat","embeddable":true,"href":"https:\/\/dcobys.com\/es\/wp-json\/wp\/v2\/product_cat?post=6102"},{"taxonomy":"product_tag","embeddable":true,"href":"https:\/\/dcobys.com\/es\/wp-json\/wp\/v2\/product_tag?post=6102"}],"curies":[{"name":"wp","href":"https:\/\/api.w.org\/{rel}","templated":true}]}}