{"id":6100,"date":"2025-12-15T11:14:08","date_gmt":"2025-12-15T16:14:08","guid":{"rendered":"https:\/\/dcobys.com\/services\/uncategorized\/company-formation-mexico-2\/"},"modified":"2026-01-30T18:09:46","modified_gmt":"2026-01-30T23:09:46","slug":"company-formation-mexico-2","status":"publish","type":"product","link":"https:\/\/dcobys.com\/es\/services\/constitucion-de-empresas\/business-formation\/company-formation-mexico-2\/","title":{"rendered":"Constituci\u00f3n de empresa M\u00e9xico"},"content":{"rendered":"<p>Se entregar\u00e1 el documento de constituci\u00f3n de la sociedad a los socios los cuales lo protocolizar\u00e1n con la firma y registro. Las variables que incluir\u00e1 el documento se enuncian a continuaci\u00f3n:<\/p>\n<p>1. Se establece el nombre de la sociedad, se verifica la disponibilidad del nombre y la aceptaci\u00f3n por la entidad correspondiente.<br \/>\n3. Se determina el tipo de sociedad a constituir.<br \/>\n4. Se incluye la informaci\u00f3n de los socios, los aportes de la sociedad y su composici\u00f3n.<br \/>\n5. Se realiza la selecci\u00f3n de apoderado temas legales y representaci\u00f3n.<br \/>\n6. Se nombra el administrador \u00fanico o conjunto.<br \/>\n7. Se enuncia el comisario en caso de ser requerido.<br \/>\n8. Se elaboran los estatutos de la nueva sociedad incluyendo la raz\u00f3n social que tendr\u00e1, se presentan a los socios y se recibe el aprobado.<br \/>\n9. Se lleva a cabo la firma de los estatutos, constituyendo legalmente la sociedad.<\/p>\n<p>Este servicio otorga 3 meses de direcci\u00f3n comercial.<\/p>\n","protected":false},"excerpt":{"rendered":"<p>Es el conjunto de actividades administrativas para la constituci\u00f3n de una sociedad en el extranjero. Se protocoliza con la firma de los socios.<\/p>\n","protected":false},"featured_media":8180,"template":"","meta":{"_acf_changed":false},"country":[],"product_brand":[],"product_cat":[899,892],"product_tag":[],"class_list":{"0":"post-6100","1":"product","2":"type-product","3":"status-publish","4":"has-post-thumbnail","6":"product_cat-business-formation","7":"product_cat-constitucion-de-empresas","9":"first","10":"instock","11":"virtual","12":"purchasable","13":"product-type-simple"},"acf":[],"_links":{"self":[{"href":"https:\/\/dcobys.com\/es\/wp-json\/wp\/v2\/product\/6100","targetHints":{"allow":["GET"]}}],"collection":[{"href":"https:\/\/dcobys.com\/es\/wp-json\/wp\/v2\/product"}],"about":[{"href":"https:\/\/dcobys.com\/es\/wp-json\/wp\/v2\/types\/product"}],"version-history":[{"count":0,"href":"https:\/\/dcobys.com\/es\/wp-json\/wp\/v2\/product\/6100\/revisions"}],"wp:featuredmedia":[{"embeddable":true,"href":"https:\/\/dcobys.com\/es\/wp-json\/wp\/v2\/media\/8180"}],"wp:attachment":[{"href":"https:\/\/dcobys.com\/es\/wp-json\/wp\/v2\/media?parent=6100"}],"wp:term":[{"taxonomy":"country","embeddable":true,"href":"https:\/\/dcobys.com\/es\/wp-json\/wp\/v2\/country?post=6100"},{"taxonomy":"product_brand","embeddable":true,"href":"https:\/\/dcobys.com\/es\/wp-json\/wp\/v2\/product_brand?post=6100"},{"taxonomy":"product_cat","embeddable":true,"href":"https:\/\/dcobys.com\/es\/wp-json\/wp\/v2\/product_cat?post=6100"},{"taxonomy":"product_tag","embeddable":true,"href":"https:\/\/dcobys.com\/es\/wp-json\/wp\/v2\/product_tag?post=6100"}],"curies":[{"name":"wp","href":"https:\/\/api.w.org\/{rel}","templated":true}]}}