{"id":6098,"date":"2025-12-15T11:14:08","date_gmt":"2025-12-15T16:14:08","guid":{"rendered":"https:\/\/dcobys.com\/services\/uncategorized\/onsite-business-consultant-2\/"},"modified":"2026-01-30T17:50:56","modified_gmt":"2026-01-30T22:50:56","slug":"onsite-business-consultant-2","status":"publish","type":"product","link":"https:\/\/dcobys.com\/es\/services\/reuniones-de-negocio\/consultor-de-negocios-onsite\/onsite-business-consultant-2\/","title":{"rendered":"Acompa\u00f1amiento Reuniones de Negocio"},"content":{"rendered":"<p>El profesional brindar\u00e1 acompa\u00f1amiento, ya sea de manera presencial o virtual, seg\u00fan corresponda, por una duraci\u00f3n m\u00e1xima de 90 minutos, distribuidos de la siguiente manera: 30 minutos para la preparaci\u00f3n conjunta con el participante que asistir\u00e1 a la reuni\u00f3n, y 60 minutos de apoyo durante la cita de negocios. Se entregar\u00e1 un documento de la minuta de la reuni\u00f3n.<\/p>\n","protected":false},"excerpt":{"rendered":"<p>Acompa\u00f1amiento profesional por parte de un consultor con experiencia en prospecci\u00f3n de negocios, protocolo intercultural y negociaci\u00f3n, para apoyar la participaci\u00f3n en reuniones empresariales tanto a nivel nacional como internacional.<\/p>\n","protected":false},"featured_media":8177,"template":"","meta":{"_acf_changed":false},"country":[],"product_brand":[],"product_cat":[903,894],"product_tag":[],"class_list":{"0":"post-6098","1":"product","2":"type-product","3":"status-publish","4":"has-post-thumbnail","6":"product_cat-consultor-de-negocios-onsite","7":"product_cat-reuniones-de-negocio","9":"first","10":"instock","11":"virtual","12":"purchasable","13":"product-type-simple"},"acf":[],"_links":{"self":[{"href":"https:\/\/dcobys.com\/es\/wp-json\/wp\/v2\/product\/6098","targetHints":{"allow":["GET"]}}],"collection":[{"href":"https:\/\/dcobys.com\/es\/wp-json\/wp\/v2\/product"}],"about":[{"href":"https:\/\/dcobys.com\/es\/wp-json\/wp\/v2\/types\/product"}],"version-history":[{"count":0,"href":"https:\/\/dcobys.com\/es\/wp-json\/wp\/v2\/product\/6098\/revisions"}],"wp:featuredmedia":[{"embeddable":true,"href":"https:\/\/dcobys.com\/es\/wp-json\/wp\/v2\/media\/8177"}],"wp:attachment":[{"href":"https:\/\/dcobys.com\/es\/wp-json\/wp\/v2\/media?parent=6098"}],"wp:term":[{"taxonomy":"country","embeddable":true,"href":"https:\/\/dcobys.com\/es\/wp-json\/wp\/v2\/country?post=6098"},{"taxonomy":"product_brand","embeddable":true,"href":"https:\/\/dcobys.com\/es\/wp-json\/wp\/v2\/product_brand?post=6098"},{"taxonomy":"product_cat","embeddable":true,"href":"https:\/\/dcobys.com\/es\/wp-json\/wp\/v2\/product_cat?post=6098"},{"taxonomy":"product_tag","embeddable":true,"href":"https:\/\/dcobys.com\/es\/wp-json\/wp\/v2\/product_tag?post=6098"}],"curies":[{"name":"wp","href":"https:\/\/api.w.org\/{rel}","templated":true}]}}