{"id":6096,"date":"2025-12-15T11:14:08","date_gmt":"2025-12-15T16:14:08","guid":{"rendered":"https:\/\/dcobys.com\/services\/uncategorized\/group-business-meeting-2\/"},"modified":"2026-01-30T17:50:56","modified_gmt":"2026-01-30T22:50:56","slug":"group-business-meeting-2","status":"publish","type":"product","link":"https:\/\/dcobys.com\/es\/services\/reuniones-de-negocio\/visitas-corporativas\/group-business-meeting-2\/","title":{"rendered":"Cita empresarial grupal"},"content":{"rendered":"<p>Se entregar\u00e1 un informe con la(s) cita(s) empresarial agendada(s) y confirmada(s), la(s) cual(es) contendr\u00e1 los siguientes datos:<\/p>\n<p>1. Datos de la empresa: nombre, p\u00e1gina web, 2 posibles redes sociales de la empresa (Linkedin, Facebook, Instagram o Twitter) y direcci\u00f3n f\u00edsica.<br \/>\n2. Datos del contacto con quien se ha confirmado la cita: nombre, cargo, tel\u00e9fono directo, celular (si lo proporciona), correo electr\u00f3nico, 2 posibles redes sociales de la persona (Linkedin, Facebook, Instagram o Twitter).<br \/>\n3. Datos de la persona con quien se tomar\u00e1 la cita: Nombre, cargo, tel\u00e9fono directo, celular (si lo proporciona), correo electr\u00f3nico, 2 posibles redes sociales del contacto (Linkedin, Facebook, Instagram o Twitter).<br \/>\n4. Datos de la cita: en caso de ser presencial se indicar\u00e1 el lugar (direcci\u00f3n f\u00edsica incluyendo ciudad, pa\u00eds y c\u00f3digo postal), fecha, hora local de la cita. Si la visita empresarial es virtual se indicar\u00e1 el medio a trav\u00e9s del cual se realizar\u00e1 la conexi\u00f3n como tel\u00e9fono, skype, whatsapp, o plataforma en l\u00ednea.<br \/>\n5. Referencia f\u00edsica del lugar.<br \/>\n6. Contacto de coordinaci\u00f3n de detalles en caso que se llegue o se conecte tarde, se genere alguna eventualidad en destino o requiera alg\u00fan apoyo adicional para tomar la cita. Los datos que se enunciar\u00e1n son: Nombre, cargo, tel\u00e9fono directo, celular (si lo proporciona) y correo electr\u00f3nico.<\/p>\n","protected":false},"excerpt":{"rendered":"<p>Visita a una organizaci\u00f3n en persona o virtualmente, donde los participantes conocer\u00e1n la trayectoria de la compa\u00f1\u00eda con base en la industria a la que pertenecen, tendr\u00e1 contacto con algunos colaboradores y ampliar\u00e1n su visi\u00f3n de negocio.<\/p>\n","protected":false},"featured_media":8174,"template":"","meta":{"_acf_changed":false},"country":[],"product_brand":[],"product_cat":[894,902],"product_tag":[],"class_list":{"0":"post-6096","1":"product","2":"type-product","3":"status-publish","4":"has-post-thumbnail","6":"product_cat-reuniones-de-negocio","7":"product_cat-visitas-corporativas","9":"first","10":"instock","11":"virtual","12":"purchasable","13":"product-type-simple"},"acf":[],"_links":{"self":[{"href":"https:\/\/dcobys.com\/es\/wp-json\/wp\/v2\/product\/6096","targetHints":{"allow":["GET"]}}],"collection":[{"href":"https:\/\/dcobys.com\/es\/wp-json\/wp\/v2\/product"}],"about":[{"href":"https:\/\/dcobys.com\/es\/wp-json\/wp\/v2\/types\/product"}],"version-history":[{"count":0,"href":"https:\/\/dcobys.com\/es\/wp-json\/wp\/v2\/product\/6096\/revisions"}],"wp:featuredmedia":[{"embeddable":true,"href":"https:\/\/dcobys.com\/es\/wp-json\/wp\/v2\/media\/8174"}],"wp:attachment":[{"href":"https:\/\/dcobys.com\/es\/wp-json\/wp\/v2\/media?parent=6096"}],"wp:term":[{"taxonomy":"country","embeddable":true,"href":"https:\/\/dcobys.com\/es\/wp-json\/wp\/v2\/country?post=6096"},{"taxonomy":"product_brand","embeddable":true,"href":"https:\/\/dcobys.com\/es\/wp-json\/wp\/v2\/product_brand?post=6096"},{"taxonomy":"product_cat","embeddable":true,"href":"https:\/\/dcobys.com\/es\/wp-json\/wp\/v2\/product_cat?post=6096"},{"taxonomy":"product_tag","embeddable":true,"href":"https:\/\/dcobys.com\/es\/wp-json\/wp\/v2\/product_tag?post=6096"}],"curies":[{"name":"wp","href":"https:\/\/api.w.org\/{rel}","templated":true}]}}