{"id":6094,"date":"2025-12-15T11:14:08","date_gmt":"2025-12-15T16:14:08","guid":{"rendered":"https:\/\/dcobys.com\/services\/uncategorized\/b2b-meetings-2\/"},"modified":"2026-01-30T17:50:56","modified_gmt":"2026-01-30T22:50:56","slug":"b2b-meetings-2","status":"publish","type":"product","link":"https:\/\/dcobys.com\/es\/services\/reuniones-de-negocio\/reuniones-b2b\/b2b-meetings-2\/","title":{"rendered":"Citas de Negocios B2B"},"content":{"rendered":"<p>Se proporcionar\u00e1 un informe para cada reuni\u00f3n programada y confirmada, que contendr\u00e1 los siguientes detalles:<\/p>\n<p>Informaci\u00f3n de la empresa:<br \/>\n1.Nombre de la empresa<br \/>\n2.P\u00e1gina web<br \/>\n3.Dos perfiles en redes sociales (preferentemente LinkedIn\/Facebook)<br \/>\n4.Direcci\u00f3n f\u00edsica<\/p>\n<p>Informaci\u00f3n de contacto del participante de la reuni\u00f3n:<br \/>\n1.Nombre completo<br \/>\n2.Cargo<br \/>\n3.Tel\u00e9fono directo<br \/>\n4.N\u00famero de m\u00f3vil (si est\u00e1 disponible)<br \/>\n5.Direcci\u00f3n de correo electr\u00f3nico<br \/>\n6.Dos perfiles en redes sociales (preferentemente LinkedIn y Facebook, si est\u00e1n disponibles)<\/p>\n<p>Detalles de la reuni\u00f3n:<br \/>\n1.Ubicaci\u00f3n (direcci\u00f3n f\u00edsica, incluyendo ciudad, pa\u00eds y c\u00f3digo postal)<br \/>\n2.Fecha de la reuni\u00f3n<br \/>\n3.Hora local de la reuni\u00f3n<br \/>\n4.Si la reuni\u00f3n es virtual: la plataforma de comunicaci\u00f3n (tel\u00e9fono, Skype, WhatsApp, etc.) y los detalles de conexi\u00f3n respectivos<br \/>\n5.Servicios: Estacionamiento m\u00e1s cercano, estaci\u00f3n de metro y parada de autob\u00fas m\u00e1s pr\u00f3ximos.<br \/>\n6.Referencia f\u00edsica del lugar: Descripci\u00f3n de los alrededores del lugar para facilitar la navegaci\u00f3n<br \/>\n7.Informaci\u00f3n de contacto para coordinaci\u00f3n.<br \/>\n8. En caso de llegadas tard\u00edas, emergencias o cualquier inconveniente que requiera asistencia, se proporcionar\u00e1n los siguientes detalles de contacto: Nombre, Cargo, Tel\u00e9fono directo, N\u00famero de m\u00f3vil (si est\u00e1 disponible), Direcci\u00f3n de correo electr\u00f3nico.<\/p>\n","protected":false},"excerpt":{"rendered":"<p>Reuni\u00f3n de negocios programada con el prop\u00f3sito de intercambiar informaci\u00f3n entre dos empresas, orientada a identificar oportunidades de cooperaci\u00f3n, ventas, alianzas estrat\u00e9gicas u otras relaciones comerciales.<\/p>\n","protected":false},"featured_media":8170,"template":"","meta":{"_acf_changed":false},"country":[],"product_brand":[],"product_cat":[895,894],"product_tag":[],"class_list":{"0":"post-6094","1":"product","2":"type-product","3":"status-publish","4":"has-post-thumbnail","6":"product_cat-reuniones-b2b","7":"product_cat-reuniones-de-negocio","9":"first","10":"instock","11":"virtual","12":"purchasable","13":"product-type-simple"},"acf":[],"_links":{"self":[{"href":"https:\/\/dcobys.com\/es\/wp-json\/wp\/v2\/product\/6094","targetHints":{"allow":["GET"]}}],"collection":[{"href":"https:\/\/dcobys.com\/es\/wp-json\/wp\/v2\/product"}],"about":[{"href":"https:\/\/dcobys.com\/es\/wp-json\/wp\/v2\/types\/product"}],"version-history":[{"count":0,"href":"https:\/\/dcobys.com\/es\/wp-json\/wp\/v2\/product\/6094\/revisions"}],"wp:featuredmedia":[{"embeddable":true,"href":"https:\/\/dcobys.com\/es\/wp-json\/wp\/v2\/media\/8170"}],"wp:attachment":[{"href":"https:\/\/dcobys.com\/es\/wp-json\/wp\/v2\/media?parent=6094"}],"wp:term":[{"taxonomy":"country","embeddable":true,"href":"https:\/\/dcobys.com\/es\/wp-json\/wp\/v2\/country?post=6094"},{"taxonomy":"product_brand","embeddable":true,"href":"https:\/\/dcobys.com\/es\/wp-json\/wp\/v2\/product_brand?post=6094"},{"taxonomy":"product_cat","embeddable":true,"href":"https:\/\/dcobys.com\/es\/wp-json\/wp\/v2\/product_cat?post=6094"},{"taxonomy":"product_tag","embeddable":true,"href":"https:\/\/dcobys.com\/es\/wp-json\/wp\/v2\/product_tag?post=6094"}],"curies":[{"name":"wp","href":"https:\/\/api.w.org\/{rel}","templated":true}]}}