{"id":6092,"date":"2025-12-15T11:14:08","date_gmt":"2025-12-15T16:14:08","guid":{"rendered":"https:\/\/dcobys.com\/services\/uncategorized\/virtual-business-matchmaking-2\/"},"modified":"2026-01-30T17:50:56","modified_gmt":"2026-01-30T22:50:56","slug":"virtual-business-matchmaking-2","status":"publish","type":"product","link":"https:\/\/dcobys.com\/es\/services\/reuniones-de-negocio\/business-matchmaking\/virtual-business-matchmaking-2\/","title":{"rendered":"Ruedas de Negocio Virtuales"},"content":{"rendered":"<p>Se entregar\u00e1n los siguientes servicios:<br \/>\n1. Adecuar y personalizar la plataforma virtual para el evento a realizar. Se incluir\u00e1 los logos corporativos, fotograf\u00edas, patrocinadores, participantes, entre otros.<br \/>\n2. Habilitar el registro de inscripci\u00f3n de los participantes ya sean como compradores, oferentes, patrocinadores, otros.<br \/>\n3. Crear la agenda virtual, donde se incorpora los espacios para capacitaciones, talleres y ruedas de negocio.<br \/>\n4. B\u00fasqueda de contrapartes seg\u00fan el perfil deseado.<br \/>\n5. Confirmaci\u00f3n de contrapartes que participen en la rueda.<br \/>\n6. Revisi\u00f3n de las agendas comerciales entre contrapartes.<br \/>\n7. Habilitar la encuesta de satisfacci\u00f3n para los participantes.<br \/>\n8. Generaci\u00f3n de un reporte sobre las citas B2B o B2C realizadas dentro de la rueda de negocios virtual.<\/p>\n<p>Durante la rueda de negocios virtual, se har\u00e1 un seguimiento si las citas se est\u00e1n llevando a cabo en los tiempos correspondientes y se cubrir\u00e1n los espacios de aquellas que no se ejecutaron en caso de ser requerido.<\/p>\n","protected":false},"excerpt":{"rendered":"<p>Dise\u00f1o y creaci\u00f3n de encuentros de negocios virtual de una industria o multisectoriales donde a trav\u00e9s de una plataforma, compradores y oferentes podr\u00e1n reservar y generar citas de negocios B2B o B2C de acuerdo a las necesidades e intereses de cada unol sector.<\/p>\n","protected":false},"featured_media":8164,"template":"","meta":{"_acf_changed":false},"country":[],"product_brand":[],"product_cat":[901,894],"product_tag":[],"class_list":{"0":"post-6092","1":"product","2":"type-product","3":"status-publish","4":"has-post-thumbnail","6":"product_cat-business-matchmaking","7":"product_cat-reuniones-de-negocio","9":"first","10":"instock","11":"virtual","12":"purchasable","13":"product-type-simple"},"acf":[],"_links":{"self":[{"href":"https:\/\/dcobys.com\/es\/wp-json\/wp\/v2\/product\/6092","targetHints":{"allow":["GET"]}}],"collection":[{"href":"https:\/\/dcobys.com\/es\/wp-json\/wp\/v2\/product"}],"about":[{"href":"https:\/\/dcobys.com\/es\/wp-json\/wp\/v2\/types\/product"}],"version-history":[{"count":0,"href":"https:\/\/dcobys.com\/es\/wp-json\/wp\/v2\/product\/6092\/revisions"}],"wp:featuredmedia":[{"embeddable":true,"href":"https:\/\/dcobys.com\/es\/wp-json\/wp\/v2\/media\/8164"}],"wp:attachment":[{"href":"https:\/\/dcobys.com\/es\/wp-json\/wp\/v2\/media?parent=6092"}],"wp:term":[{"taxonomy":"country","embeddable":true,"href":"https:\/\/dcobys.com\/es\/wp-json\/wp\/v2\/country?post=6092"},{"taxonomy":"product_brand","embeddable":true,"href":"https:\/\/dcobys.com\/es\/wp-json\/wp\/v2\/product_brand?post=6092"},{"taxonomy":"product_cat","embeddable":true,"href":"https:\/\/dcobys.com\/es\/wp-json\/wp\/v2\/product_cat?post=6092"},{"taxonomy":"product_tag","embeddable":true,"href":"https:\/\/dcobys.com\/es\/wp-json\/wp\/v2\/product_tag?post=6092"}],"curies":[{"name":"wp","href":"https:\/\/api.w.org\/{rel}","templated":true}]}}