{"id":6090,"date":"2025-12-15T11:14:08","date_gmt":"2025-12-15T16:14:08","guid":{"rendered":"https:\/\/dcobys.com\/services\/uncategorized\/in-person-business-matchmaking-2\/"},"modified":"2026-01-30T17:50:56","modified_gmt":"2026-01-30T22:50:56","slug":"in-person-business-matchmaking-2","status":"publish","type":"product","link":"https:\/\/dcobys.com\/es\/services\/reuniones-de-negocio\/business-matchmaking\/in-person-business-matchmaking-2\/","title":{"rendered":"Ruedas de Negocio Presencial"},"content":{"rendered":"<p>Se enviar\u00e1 los listados para aprobaci\u00f3n, los cuales deben ser validados, aprobados y confirmados por el cliente para dar inicio con la gesti\u00f3n de convocatoria y confirmaci\u00f3n de citas con potenciales contrapartes. <\/p>\n<p>Se entregar\u00e1 el reporte de gesti\u00f3n, con las citas de negocio confirmadas, las cuales incluyen la siguiente informaci\u00f3n:<\/p>\n<p>1. Nombre de la empresa<br \/>\n2. Nombre del contacto<br \/>\n3. Ciudad<br \/>\n4. Correo electr\u00f3nico<br \/>\n5. Status de la contraparte : Confirmado, otro.<br \/>\n6. Comentarios adicionales.<\/p>\n<p>Previo a la rueda de negocios, se compartir\u00e1 el reporte final de asistentes confirmados.<\/p>\n","protected":false},"excerpt":{"rendered":"<p>Reuniones preestablecidas entre empresas, dise\u00f1adas para conectar con posibles socios, clientes o inversionistas que tengan necesidades o intereses complementarios para colaborar, comerciar, invertir o establecer alianzas estrat\u00e9gicas.<\/p>\n","protected":false},"featured_media":8161,"template":"","meta":{"_acf_changed":false},"country":[],"product_brand":[],"product_cat":[901,894],"product_tag":[],"class_list":{"0":"post-6090","1":"product","2":"type-product","3":"status-publish","4":"has-post-thumbnail","6":"product_cat-business-matchmaking","7":"product_cat-reuniones-de-negocio","9":"first","10":"instock","11":"virtual","12":"purchasable","13":"product-type-simple"},"acf":[],"_links":{"self":[{"href":"https:\/\/dcobys.com\/es\/wp-json\/wp\/v2\/product\/6090","targetHints":{"allow":["GET"]}}],"collection":[{"href":"https:\/\/dcobys.com\/es\/wp-json\/wp\/v2\/product"}],"about":[{"href":"https:\/\/dcobys.com\/es\/wp-json\/wp\/v2\/types\/product"}],"version-history":[{"count":0,"href":"https:\/\/dcobys.com\/es\/wp-json\/wp\/v2\/product\/6090\/revisions"}],"wp:featuredmedia":[{"embeddable":true,"href":"https:\/\/dcobys.com\/es\/wp-json\/wp\/v2\/media\/8161"}],"wp:attachment":[{"href":"https:\/\/dcobys.com\/es\/wp-json\/wp\/v2\/media?parent=6090"}],"wp:term":[{"taxonomy":"country","embeddable":true,"href":"https:\/\/dcobys.com\/es\/wp-json\/wp\/v2\/country?post=6090"},{"taxonomy":"product_brand","embeddable":true,"href":"https:\/\/dcobys.com\/es\/wp-json\/wp\/v2\/product_brand?post=6090"},{"taxonomy":"product_cat","embeddable":true,"href":"https:\/\/dcobys.com\/es\/wp-json\/wp\/v2\/product_cat?post=6090"},{"taxonomy":"product_tag","embeddable":true,"href":"https:\/\/dcobys.com\/es\/wp-json\/wp\/v2\/product_tag?post=6090"}],"curies":[{"name":"wp","href":"https:\/\/api.w.org\/{rel}","templated":true}]}}