{"id":9508,"date":"2026-04-14T13:18:08","date_gmt":"2026-04-14T17:18:08","guid":{"rendered":"https:\/\/dcobys.com\/business\/sobre-nosotros-por-raq\/"},"modified":"2026-04-14T13:39:28","modified_gmt":"2026-04-14T17:39:28","slug":"sobre-nosotros-por-raq","status":"publish","type":"page","link":"https:\/\/dcobys.com\/es\/business\/sobre-nosotros-por-raq\/","title":{"rendered":"Sobre Nosotros &#8211; por RaQ"},"content":{"rendered":"\t\t<div data-elementor-type=\"wp-page\" data-elementor-id=\"9508\" class=\"elementor elementor-9508\" data-elementor-post-type=\"page\">\n\t\t\t\t<div class=\"elementor-element elementor-element-76c74a9 hero_banner e-flex e-con-boxed e-con e-parent\" data-id=\"76c74a9\" data-element_type=\"container\" data-e-type=\"container\" data-settings=\"{&quot;background_background&quot;:&quot;classic&quot;}\">\n\t\t\t\t\t<div class=\"e-con-inner\">\n\t\t<div class=\"elementor-element elementor-element-b866fd8 e-con-full e-flex e-con e-child\" data-id=\"b866fd8\" data-element_type=\"container\" data-e-type=\"container\">\n\t\t<div class=\"elementor-element elementor-element-87e8af4 e-con-full e-flex e-con e-child\" data-id=\"87e8af4\" data-element_type=\"container\" data-e-type=\"container\">\n\t\t\t\t<div class=\"elementor-element elementor-element-374fb2c elementor-widget elementor-widget-heading\" data-id=\"374fb2c\" data-element_type=\"widget\" data-e-type=\"widget\" data-widget_type=\"heading.default\">\n\t\t\t\t\t<h1 class=\"elementor-heading-title elementor-size-default\">Experimente el crecimiento global en un solo lugar: negocios, educaci\u00f3n y viajes con un impacto sostenible.<\/h1>\t\t\t\t<\/div>\n\t\t\t\t<\/div>\n\t\t\t\t<\/div>\n\t\t\t\t\t<\/div>\n\t\t\t\t<\/div>\n\t\t<div class=\"elementor-element elementor-element-c267e16 e-flex e-con-boxed e-con e-parent\" data-id=\"c267e16\" data-element_type=\"container\" data-e-type=\"container\">\n\t\t\t\t\t<div class=\"e-con-inner\">\n\t\t<div class=\"elementor-element elementor-element-e2925fb e-con-full e-flex e-con e-child\" data-id=\"e2925fb\" data-element_type=\"container\" data-e-type=\"container\">\n\t\t\t\t<div class=\"elementor-element elementor-element-79d1b49 elementor-widget elementor-widget-heading\" data-id=\"79d1b49\" data-element_type=\"widget\" data-e-type=\"widget\" data-widget_type=\"heading.default\">\n\t\t\t\t\t<h2 class=\"elementor-heading-title elementor-size-default\">Dcobys Business por RaQ<\/h2>\t\t\t\t<\/div>\n\t\t\t\t<div class=\"elementor-element elementor-element-b3abefc elementor-widget elementor-widget-text-editor\" data-id=\"b3abefc\" data-element_type=\"widget\" data-e-type=\"widget\" data-widget_type=\"text-editor.default\">\n\t\t\t\t\t\t\t\t\t<p><strong>Dcobys Business,<\/strong> una firma de consultor\u00eda global privada e independiente, se especializa en promover la expansi\u00f3n internacional y el reclutamiento de inversi\u00f3n extranjera para instituciones p\u00fablicas, empresas privadas de todos los tama\u00f1os y organizaciones sin fines de lucro que buscan mejorar su influencia global. <\/p>\t\t\t\t\t\t\t\t<\/div>\n\t\t\t\t<\/div>\n\t\t<div class=\"elementor-element elementor-element-62b86ca e-con-full e-flex e-con e-child\" data-id=\"62b86ca\" data-element_type=\"container\" data-e-type=\"container\">\n\t\t<div class=\"elementor-element elementor-element-57a3521 e-con-full e-flex e-con e-child\" data-id=\"57a3521\" data-element_type=\"container\" data-e-type=\"container\">\n\t\t<div class=\"elementor-element elementor-element-7085228 e-con-full e-flex e-con e-child\" data-id=\"7085228\" data-element_type=\"container\" data-e-type=\"container\">\n\t\t<div class=\"elementor-element elementor-element-3a84ce3 e-con-full e-flex e-con e-child\" data-id=\"3a84ce3\" data-element_type=\"container\" data-e-type=\"container\">\n\t\t\t\t<div class=\"elementor-element elementor-element-7137147 elementor-widget elementor-widget-heading\" data-id=\"7137147\" data-element_type=\"widget\" data-e-type=\"widget\" data-widget_type=\"heading.default\">\n\t\t\t\t\t<h3 class=\"elementor-heading-title elementor-size-default\">Visi\u00f3n<\/h3>\t\t\t\t<\/div>\n\t\t\t\t<div class=\"elementor-element elementor-element-ae148fc elementor-widget elementor-widget-text-editor\" data-id=\"ae148fc\" data-element_type=\"widget\" data-e-type=\"widget\" data-widget_type=\"text-editor.default\">\n\t\t\t\t\t\t\t\t\t<p><span class=\"TextRun SCXW254579322 BCX0\" lang=\"EN-US\" xml:lang=\"EN-US\" data-contrast=\"auto\"><span class=\"NormalTextRun SCXW254579322 BCX0\">Convertimos ideas innovadoras en historias de \u00e9xito mundiales, impulsando un crecimiento internacional con un prop\u00f3sito definido y un impacto sostenible.<\/span><\/span><\/p>\t\t\t\t\t\t\t\t<\/div>\n\t\t\t\t<\/div>\n\t\t<div class=\"elementor-element elementor-element-0e74c9a e-con-full e-flex e-con e-child\" data-id=\"0e74c9a\" data-element_type=\"container\" data-e-type=\"container\">\n\t\t\t\t<div class=\"elementor-element elementor-element-aab2141 elementor-widget elementor-widget-heading\" data-id=\"aab2141\" data-element_type=\"widget\" data-e-type=\"widget\" data-widget_type=\"heading.default\">\n\t\t\t\t\t<h3 class=\"elementor-heading-title elementor-size-default\">Misi\u00f3n<\/h3>\t\t\t\t<\/div>\n\t\t\t\t<div class=\"elementor-element elementor-element-33dc8d2 elementor-widget elementor-widget-text-editor\" data-id=\"33dc8d2\" data-element_type=\"widget\" data-e-type=\"widget\" data-widget_type=\"text-editor.default\">\n\t\t\t\t\t\t\t\t\t<p><span class=\"TextRun SCXW105232512 BCX0\" lang=\"EN-US\" xml:lang=\"EN-US\" data-contrast=\"auto\"><span class=\"NormalTextRun SCXW105232512 BCX0\">Aceleramos su expansi\u00f3n global, forjando conexiones de \u00e9lite con socios, talento y \u00e9xito duradero en todo el mundo.<\/span><\/span><span class=\"EOP SCXW105232512 BCX0\" data-ccp-props=\"{\"335551550\":6,\"335551620\":6}\"> <\/span><\/p>\t\t\t\t\t\t\t\t<\/div>\n\t\t\t\t<\/div>\n\t\t<div class=\"elementor-element elementor-element-fd58253 e-con-full e-flex e-con e-child\" data-id=\"fd58253\" data-element_type=\"container\" data-e-type=\"container\">\n\t\t\t\t<div class=\"elementor-element elementor-element-dc82eb6 elementor-widget elementor-widget-heading\" data-id=\"dc82eb6\" data-element_type=\"widget\" data-e-type=\"widget\" data-widget_type=\"heading.default\">\n\t\t\t\t\t<h3 class=\"elementor-heading-title elementor-size-default\">Valores<\/h3>\t\t\t\t<\/div>\n\t\t\t\t<div class=\"elementor-element elementor-element-2e62ca1 elementor-widget elementor-widget-text-editor\" data-id=\"2e62ca1\" data-element_type=\"widget\" data-e-type=\"widget\" data-widget_type=\"text-editor.default\">\n\t\t\t\t\t\t\t\t\t<p><span data-contrast=\"auto\">Dcobys representa:<\/span><span data-ccp-props=\"{}\"> <\/span><\/p><ul><li aria-setsize=\"-1\" data-leveltext=\"\uf0b7\" data-font=\"Symbol\" data-listid=\"35\" data-list-defn-props=\"{\"335552541\":1,\"335559685\":720,\"335559991\":360,\"469769226\":\"Symbol\",\"469769242\":[8226],\"469777803\":\"left\",\"469777804\":\"\uf0b7\",\"469777815\":\"hybridMultilevel\"}\" data-aria-posinset=\"1\" data-aria-level=\"1\">Diversidad: Perspectivas inclusivas que impulsan la innovaci\u00f3n global.<span data-ccp-props=\"{}\"> <\/span><\/li><\/ul><ul><li aria-setsize=\"-1\" data-leveltext=\"\uf0b7\" data-font=\"Symbol\" data-listid=\"35\" data-list-defn-props=\"{\"335552541\":1,\"335559685\":720,\"335559991\":360,\"469769226\":\"Symbol\",\"469769242\":[8226],\"469777803\":\"left\",\"469777804\":\"\uf0b7\",\"469777815\":\"hybridMultilevel\"}\" data-aria-posinset=\"2\" data-aria-level=\"1\">Compromiso: Alianzas estrat\u00e9gicas basadas en la confianza y el valor a largo plazo.<span data-ccp-props=\"{}\"> <\/span><\/li><\/ul><ul><li aria-setsize=\"-1\" data-leveltext=\"\uf0b7\" data-font=\"Symbol\" data-listid=\"35\" data-list-defn-props=\"{\"335552541\":1,\"335559685\":720,\"335559991\":360,\"469769226\":\"Symbol\",\"469769242\":[8226],\"469777803\":\"left\",\"469777804\":\"\uf0b7\",\"469777815\":\"hybridMultilevel\"}\" data-aria-posinset=\"3\" data-aria-level=\"1\">Equilibrio: Crecimiento sostenible alineado con las personas, el rendimiento y el impacto.<span data-ccp-props=\"{}\"> <\/span><\/li><\/ul><ul><li aria-setsize=\"-1\" data-leveltext=\"\uf0b7\" data-font=\"Symbol\" data-listid=\"35\" data-list-defn-props=\"{\"335552541\":1,\"335559685\":720,\"335559991\":360,\"469769226\":\"Symbol\",\"469769242\":[8226],\"469777803\":\"left\",\"469777804\":\"\uf0b7\",\"469777815\":\"hybridMultilevel\"}\" data-aria-posinset=\"4\" data-aria-level=\"1\">Satisfacci\u00f3n: Ofrecer resultados medibles y resultados excepcionales para los clientes.<span data-ccp-props=\"{}\"> <\/span><\/li><\/ul>\t\t\t\t\t\t\t\t<\/div>\n\t\t\t\t<\/div>\n\t\t\t\t<\/div>\n\t\t<div class=\"elementor-element elementor-element-c5b4e4b e-con-full e-flex e-con e-child\" data-id=\"c5b4e4b\" data-element_type=\"container\" data-e-type=\"container\">\n\t\t\t\t<div class=\"elementor-element elementor-element-9f122eb elementor-widget elementor-widget-image\" data-id=\"9f122eb\" data-element_type=\"widget\" data-e-type=\"widget\" data-settings=\"{&quot;motion_fx_translateY_effect&quot;:&quot;yes&quot;,&quot;motion_fx_translateY_direction&quot;:&quot;negative&quot;,&quot;motion_fx_translateY_speed&quot;:{&quot;unit&quot;:&quot;px&quot;,&quot;size&quot;:1.8,&quot;sizes&quot;:[]},&quot;motion_fx_devices&quot;:[&quot;desktop&quot;,&quot;laptop&quot;,&quot;tablet&quot;],&quot;motion_fx_motion_fx_scrolling&quot;:&quot;yes&quot;,&quot;motion_fx_translateY_affectedRange&quot;:{&quot;unit&quot;:&quot;%&quot;,&quot;size&quot;:&quot;&quot;,&quot;sizes&quot;:{&quot;start&quot;:0,&quot;end&quot;:100}}}\" data-widget_type=\"image.default\">\n\t\t\t\t\t\t\t\t\t\t\t\t\t\t\t<img fetchpriority=\"high\" decoding=\"async\" width=\"800\" height=\"625\" src=\"https:\/\/dcobys.com\/wp-content\/uploads\/2026\/02\/What-is-Dcobys.jpg\" class=\"attachment-large size-large wp-image-8238\" alt=\"\" srcset=\"https:\/\/dcobys.com\/wp-content\/uploads\/2026\/02\/What-is-Dcobys.jpg 1024w, https:\/\/dcobys.com\/wp-content\/uploads\/2026\/02\/What-is-Dcobys-300x234.jpg 300w, https:\/\/dcobys.com\/wp-content\/uploads\/2026\/02\/What-is-Dcobys-768x600.jpg 768w, https:\/\/dcobys.com\/wp-content\/uploads\/2026\/02\/What-is-Dcobys-600x469.jpg 600w\" sizes=\"(max-width: 800px) 100vw, 800px\" \/>\t\t\t\t\t\t\t\t\t\t\t\t\t\t\t<\/div>\n\t\t\t\t<\/div>\n\t\t\t\t<\/div>\n\t\t\t\t<\/div>\n\t\t\t\t\t<\/div>\n\t\t\t\t<\/div>\n\t\t\t\t<\/div>\n\t\t","protected":false},"excerpt":{"rendered":"<p>Experimente el crecimiento global en un solo lugar: negocios, educaci\u00f3n y viajes con un impacto sostenible. Dcobys Business por RaQ Dcobys Business, una firma de consultor\u00eda global privada e independiente, se especializa en promover la expansi\u00f3n internacional y el reclutamiento de inversi\u00f3n extranjera para instituciones p\u00fablicas, empresas privadas de todos los tama\u00f1os y organizaciones sin [&hellip;]<\/p>\n","protected":false},"author":1,"featured_media":0,"parent":5812,"menu_order":0,"comment_status":"closed","ping_status":"closed","template":"","meta":{"_acf_changed":false,"footnotes":""},"class_list":["post-9508","page","type-page","status-publish","hentry"],"acf":[],"_links":{"self":[{"href":"https:\/\/dcobys.com\/es\/wp-json\/wp\/v2\/pages\/9508","targetHints":{"allow":["GET"]}}],"collection":[{"href":"https:\/\/dcobys.com\/es\/wp-json\/wp\/v2\/pages"}],"about":[{"href":"https:\/\/dcobys.com\/es\/wp-json\/wp\/v2\/types\/page"}],"author":[{"embeddable":true,"href":"https:\/\/dcobys.com\/es\/wp-json\/wp\/v2\/users\/1"}],"replies":[{"embeddable":true,"href":"https:\/\/dcobys.com\/es\/wp-json\/wp\/v2\/comments?post=9508"}],"version-history":[{"count":2,"href":"https:\/\/dcobys.com\/es\/wp-json\/wp\/v2\/pages\/9508\/revisions"}],"predecessor-version":[{"id":9513,"href":"https:\/\/dcobys.com\/es\/wp-json\/wp\/v2\/pages\/9508\/revisions\/9513"}],"up":[{"embeddable":true,"href":"https:\/\/dcobys.com\/es\/wp-json\/wp\/v2\/pages\/5812"}],"wp:attachment":[{"href":"https:\/\/dcobys.com\/es\/wp-json\/wp\/v2\/media?parent=9508"}],"curies":[{"name":"wp","href":"https:\/\/api.w.org\/{rel}","templated":true}]}}