{"id":9305,"date":"2026-03-30T11:03:27","date_gmt":"2026-03-30T15:03:27","guid":{"rendered":"https:\/\/dcobys.com\/bienvenidos-a-dcobys\/"},"modified":"2026-04-01T09:04:21","modified_gmt":"2026-04-01T13:04:21","slug":"bienvenidos-a-dcobys","status":"publish","type":"page","link":"https:\/\/dcobys.com\/es\/","title":{"rendered":"Dcobys"},"content":{"rendered":"\t\t<div data-elementor-type=\"wp-page\" data-elementor-id=\"9305\" class=\"elementor elementor-9305 elementor-9256\" data-elementor-post-type=\"page\">\n\t\t\t\t<div class=\"elementor-element elementor-element-50fa1c1 e-flex e-con-boxed e-con e-parent\" data-id=\"50fa1c1\" data-element_type=\"container\" data-e-type=\"container\">\n\t\t\t\t\t<div class=\"e-con-inner\">\n\t\t<div class=\"elementor-element elementor-element-523d11b e-con-full e-flex e-con e-child\" data-id=\"523d11b\" data-element_type=\"container\" data-e-type=\"container\">\n\t\t<div class=\"elementor-element elementor-element-c8a40f9 e-con-full e-flex e-con e-child\" data-id=\"c8a40f9\" data-element_type=\"container\" data-e-type=\"container\">\n\t\t\t\t<div class=\"elementor-element elementor-element-7f9d2cb elementor-widget elementor-widget-image\" data-id=\"7f9d2cb\" data-element_type=\"widget\" data-e-type=\"widget\" data-widget_type=\"image.default\">\n\t\t\t\t\t\t\t\t\t\t\t\t\t\t\t<img fetchpriority=\"high\" decoding=\"async\" width=\"800\" height=\"196\" src=\"https:\/\/dcobys.com\/wp-content\/uploads\/2025\/05\/dcobys-logo-368-1024x251.webp\" class=\"attachment-large size-large wp-image-5810\" alt=\"Dcobys\" srcset=\"https:\/\/dcobys.com\/wp-content\/uploads\/2025\/05\/dcobys-logo-368-1024x251.webp 1024w, https:\/\/dcobys.com\/wp-content\/uploads\/2025\/05\/dcobys-logo-368-600x147.webp 600w, https:\/\/dcobys.com\/wp-content\/uploads\/2025\/05\/dcobys-logo-368-300x74.webp 300w, https:\/\/dcobys.com\/wp-content\/uploads\/2025\/05\/dcobys-logo-368-768x189.webp 768w, https:\/\/dcobys.com\/wp-content\/uploads\/2025\/05\/dcobys-logo-368.webp 1499w\" sizes=\"(max-width: 800px) 100vw, 800px\" \/>\t\t\t\t\t\t\t\t\t\t\t\t\t\t\t<\/div>\n\t\t\t\t<div class=\"elementor-element elementor-element-90cb8c1 elementor-hidden-desktop elementor-hidden-laptop elementor-hidden-tablet elementor-hidden-mobile elementor-widget elementor-widget-heading\" data-id=\"90cb8c1\" data-element_type=\"widget\" data-e-type=\"widget\" data-widget_type=\"heading.default\">\n\t\t\t\t\t<h2 class=\"elementor-heading-title elementor-size-default\">\u00bfQui\u00e9nes somos?<\/h2>\t\t\t\t<\/div>\n\t\t\t\t<div class=\"elementor-element elementor-element-218fa6f elementor-widget elementor-widget-text-editor\" data-id=\"218fa6f\" data-element_type=\"widget\" data-e-type=\"widget\" data-widget_type=\"text-editor.default\">\n\t\t\t\t\t\t\t\t\t<p><span data-contrast=\"auto\">Dcobys es una plataforma de asesoramiento estrat\u00e9gico global que convierte las ambiciones internacionales en resultados econ\u00f3micos cuantificables. <\/span><span data-ccp-props=\"{}\"> <\/span><\/p><p><b><span data-contrast=\"auto\">Actuamos como socios estrat\u00e9gicos para organizaciones que buscan un crecimiento global acelerado, movilidad de talento y un compromiso internacional de alto impacto.<\/span><\/b><span data-ccp-props=\"{}\"> <\/span><\/p>\t\t\t\t\t\t\t\t<\/div>\n\t\t\t\t<\/div>\n\t\t\t\t<\/div>\n\t\t<div class=\"elementor-element elementor-element-37987a1 e-con-full e-grid e-con e-child\" data-id=\"37987a1\" data-element_type=\"container\" data-e-type=\"container\">\n\t\t<div class=\"elementor-element elementor-element-7dfa518 e-con-full bg-blur e-flex e-con e-child\" data-id=\"7dfa518\" data-element_type=\"container\" data-e-type=\"container\" data-settings=\"{&quot;background_background&quot;:&quot;classic&quot;}\">\n\t\t\t\t<div class=\"elementor-element elementor-element-7093512 elementor-widget elementor-widget-heading\" data-id=\"7093512\" data-element_type=\"widget\" data-e-type=\"widget\" data-widget_type=\"heading.default\">\n\t\t\t\t\t<h3 class=\"elementor-heading-title elementor-size-default\">Business<\/h3>\t\t\t\t<\/div>\n\t\t\t\t<div class=\"elementor-element elementor-element-a1f5335 elementor-widget elementor-widget-text-editor\" data-id=\"a1f5335\" data-element_type=\"widget\" data-e-type=\"widget\" data-widget_type=\"text-editor.default\">\n\t\t\t\t\t\t\t\t\t<p><strong>Expansi\u00f3n global inteligente <\/strong><\/p>\t\t\t\t\t\t\t\t<\/div>\n\t\t\t\t<div class=\"elementor-element elementor-element-80ed6f9 elementor-align-center elementor-absolute elementor-widget elementor-widget-button\" data-id=\"80ed6f9\" data-element_type=\"widget\" data-e-type=\"widget\" data-settings=\"{&quot;_position&quot;:&quot;absolute&quot;}\" data-widget_type=\"button.default\">\n\t\t\t\t\t\t\t\t\t\t<a class=\"elementor-button elementor-button-link elementor-size-sm\" href=\"https:\/\/dcobys.com\/es\/business\/\">\n\t\t\t\t\t\t<span class=\"elementor-button-content-wrapper\">\n\t\t\t\t\t\t<span class=\"elementor-button-icon\">\n\t\t\t\t<svg aria-hidden=\"true\" class=\"e-font-icon-svg e-fas-chevron-right\" viewBox=\"0 0 320 512\" xmlns=\"http:\/\/www.w3.org\/2000\/svg\"><path d=\"M285.476 272.971L91.132 467.314c-9.373 9.373-24.569 9.373-33.941 0l-22.667-22.667c-9.357-9.357-9.375-24.522-.04-33.901L188.505 256 34.484 101.255c-9.335-9.379-9.317-24.544.04-33.901l22.667-22.667c9.373-9.373 24.569-9.373 33.941 0L285.475 239.03c9.373 9.372 9.373 24.568.001 33.941z\"><\/path><\/svg>\t\t\t<\/span>\n\t\t\t\t\t\t\t\t<\/span>\n\t\t\t\t\t<\/a>\n\t\t\t\t\t\t\t\t<\/div>\n\t\t\t\t<\/div>\n\t\t<div class=\"elementor-element elementor-element-2328f63 e-con-full bg-blur e-flex e-con e-child\" data-id=\"2328f63\" data-element_type=\"container\" data-e-type=\"container\" data-settings=\"{&quot;background_background&quot;:&quot;classic&quot;}\">\n\t\t\t\t<div class=\"elementor-element elementor-element-08e9631 elementor-widget elementor-widget-heading\" data-id=\"08e9631\" data-element_type=\"widget\" data-e-type=\"widget\" data-widget_type=\"heading.default\">\n\t\t\t\t\t<h3 class=\"elementor-heading-title elementor-size-default\">Education<\/h3>\t\t\t\t<\/div>\n\t\t\t\t<div class=\"elementor-element elementor-element-0225525 elementor-widget elementor-widget-text-editor\" data-id=\"0225525\" data-element_type=\"widget\" data-e-type=\"widget\" data-widget_type=\"text-editor.default\">\n\t\t\t\t\t\t\t\t\t<p><strong><span class=\"TextRun MacChromeBold SCXW239468986 BCX0\" lang=\"EN-US\" xml:lang=\"EN-US\" data-contrast=\"auto\"><span class=\"NormalTextRun SCXW239468986 BCX0\" data-ccp-charstyle=\"Strong\">Movilidad global con impacto<\/span><\/span><span class=\"EOP SCXW239468986 BCX0\" data-ccp-props=\"{\"335559739\":0}\"> <\/span><\/strong><\/p>\t\t\t\t\t\t\t\t<\/div>\n\t\t\t\t<div class=\"elementor-element elementor-element-1b10376 elementor-widget elementor-widget-text-editor\" data-id=\"1b10376\" data-element_type=\"widget\" data-e-type=\"widget\" data-widget_type=\"text-editor.default\">\n\t\t\t\t\t\t\t\t\t<p><em>Pr\u00f3ximamente<\/em><\/p>\t\t\t\t\t\t\t\t<\/div>\n\t\t\t\t<div class=\"elementor-element elementor-element-6858fc1 elementor-align-center elementor-absolute elementor-hidden-desktop elementor-hidden-laptop elementor-hidden-tablet elementor-hidden-mobile elementor-widget elementor-widget-button\" data-id=\"6858fc1\" data-element_type=\"widget\" data-e-type=\"widget\" data-settings=\"{&quot;_position&quot;:&quot;absolute&quot;}\" data-widget_type=\"button.default\">\n\t\t\t\t\t\t\t\t\t\t<a class=\"elementor-button elementor-button-link elementor-size-sm\" href=\"#\">\n\t\t\t\t\t\t<span class=\"elementor-button-content-wrapper\">\n\t\t\t\t\t\t<span class=\"elementor-button-icon\">\n\t\t\t\t<svg aria-hidden=\"true\" class=\"e-font-icon-svg e-fas-chevron-right\" viewBox=\"0 0 320 512\" xmlns=\"http:\/\/www.w3.org\/2000\/svg\"><path d=\"M285.476 272.971L91.132 467.314c-9.373 9.373-24.569 9.373-33.941 0l-22.667-22.667c-9.357-9.357-9.375-24.522-.04-33.901L188.505 256 34.484 101.255c-9.335-9.379-9.317-24.544.04-33.901l22.667-22.667c9.373-9.373 24.569-9.373 33.941 0L285.475 239.03c9.373 9.372 9.373 24.568.001 33.941z\"><\/path><\/svg>\t\t\t<\/span>\n\t\t\t\t\t\t\t\t<\/span>\n\t\t\t\t\t<\/a>\n\t\t\t\t\t\t\t\t<\/div>\n\t\t\t\t<\/div>\n\t\t<div class=\"elementor-element elementor-element-8f4348a e-con-full bg-blur e-flex e-con e-child\" data-id=\"8f4348a\" data-element_type=\"container\" data-e-type=\"container\" data-settings=\"{&quot;background_background&quot;:&quot;classic&quot;}\">\n\t\t\t\t<div class=\"elementor-element elementor-element-2fd3b26 elementor-widget elementor-widget-heading\" data-id=\"2fd3b26\" data-element_type=\"widget\" data-e-type=\"widget\" data-widget_type=\"heading.default\">\n\t\t\t\t\t<h3 class=\"elementor-heading-title elementor-size-default\">Travel<\/h3>\t\t\t\t<\/div>\n\t\t\t\t<div class=\"elementor-element elementor-element-a1915bf elementor-widget elementor-widget-text-editor\" data-id=\"a1915bf\" data-element_type=\"widget\" data-e-type=\"widget\" data-widget_type=\"text-editor.default\">\n\t\t\t\t\t\t\t\t\t<p><strong><span class=\"TextRun MacChromeBold SCXW151109880 BCX0\" lang=\"EN-US\" xml:lang=\"EN-US\" data-contrast=\"auto\"><span class=\"NormalTextRun SCXW151109880 BCX0\">Soluciones corporativas y MICE<\/span><\/span><span class=\"EOP SCXW151109880 BCX0\" data-ccp-props=\"{\"335559739\":0}\"> <\/span><\/strong><\/p>\t\t\t\t\t\t\t\t<\/div>\n\t\t\t\t<div class=\"elementor-element elementor-element-7d00c4c elementor-align-center elementor-absolute elementor-widget elementor-widget-button\" data-id=\"7d00c4c\" data-element_type=\"widget\" data-e-type=\"widget\" data-settings=\"{&quot;_position&quot;:&quot;absolute&quot;}\" data-widget_type=\"button.default\">\n\t\t\t\t\t\t\t\t\t\t<a class=\"elementor-button elementor-button-link elementor-size-sm\" href=\"https:\/\/dcobystravel.com\/\" target=\"_blank\" rel=\"noopener\">\n\t\t\t\t\t\t<span class=\"elementor-button-content-wrapper\">\n\t\t\t\t\t\t<span class=\"elementor-button-icon\">\n\t\t\t\t<svg aria-hidden=\"true\" class=\"e-font-icon-svg e-fas-chevron-right\" viewBox=\"0 0 320 512\" xmlns=\"http:\/\/www.w3.org\/2000\/svg\"><path d=\"M285.476 272.971L91.132 467.314c-9.373 9.373-24.569 9.373-33.941 0l-22.667-22.667c-9.357-9.357-9.375-24.522-.04-33.901L188.505 256 34.484 101.255c-9.335-9.379-9.317-24.544.04-33.901l22.667-22.667c9.373-9.373 24.569-9.373 33.941 0L285.475 239.03c9.373 9.372 9.373 24.568.001 33.941z\"><\/path><\/svg>\t\t\t<\/span>\n\t\t\t\t\t\t\t\t<\/span>\n\t\t\t\t\t<\/a>\n\t\t\t\t\t\t\t\t<\/div>\n\t\t\t\t<\/div>\n\t\t\t\t<\/div>\n\t\t\t\t\t<\/div>\n\t\t\t\t<\/div>\n\t\t<div class=\"elementor-element elementor-element-f046271 e-flex e-con-boxed e-con e-parent\" data-id=\"f046271\" data-element_type=\"container\" data-e-type=\"container\">\n\t\t\t\t\t<div class=\"e-con-inner\">\n\t\t<div class=\"elementor-element elementor-element-da8e97f e-flex e-con-boxed e-con e-child\" data-id=\"da8e97f\" data-element_type=\"container\" data-e-type=\"container\">\n\t\t\t\t\t<div class=\"e-con-inner\">\n\t\t\t\t<div class=\"elementor-element elementor-element-ba2b4d0 elementor-widget elementor-widget-heading\" data-id=\"ba2b4d0\" data-element_type=\"widget\" data-e-type=\"widget\" data-widget_type=\"heading.default\">\n\t\t\t\t\t<h1 class=\"elementor-heading-title elementor-size-default\">\u00bfQui\u00e9nes somos?<\/h1>\t\t\t\t<\/div>\n\t\t\t\t<div class=\"elementor-element elementor-element-ccc7f7e elementor-widget elementor-widget-text-editor\" data-id=\"ccc7f7e\" data-element_type=\"widget\" data-e-type=\"widget\" data-widget_type=\"text-editor.default\">\n\t\t\t\t\t\t\t\t\t<p>Dcobys es una plataforma internacional de promoci\u00f3n comercial y acceso a mercados con sede en Estados Unidos, que permite a empresas, instituciones y organizaciones de desarrollo econ\u00f3mico expandirse en Estados Unidos, Norteam\u00e9rica, m\u00e1s de 20 mercados de Am\u00e9rica Latina, Europa y Asia.<\/p>\n<p>A trav\u00e9s de su divisi\u00f3n Business, Dcobys opera como una oficina estructurada de promoci\u00f3n del comercio internacional, ofreciendo inteligencia de mercado basada en datos, B2B matchmaking, misiones comerciales, reuniones ejecutivas de negocios, formaci\u00f3n de empresas internacionales y facilitaci\u00f3n de inversi\u00f3n, transformando redes institucionales en resultados comerciales medibles.<\/p>\n<p>Su vertical Education impulsa la internacionalizaci\u00f3n de instituciones acad\u00e9micas mediante alianzas globales, programas acad\u00e9micos y estrategias de posicionamiento en mercados internacionales.<\/p>\n<p>De manera complementaria, Travel (MICE) dise\u00f1a eventos h\u00edbridos y programas de movilidad internacional que conectan empresas, inversionistas e instituciones para acelerar el comercio, la inversi\u00f3n, el crecimiento de ventas y la generaci\u00f3n de empleo<\/p>\t\t\t\t\t\t\t\t<\/div>\n\t\t\t\t\t<\/div>\n\t\t\t\t<\/div>\n\t\t<div class=\"elementor-element elementor-element-9b4ef3d e-con-full e-flex e-con e-child\" data-id=\"9b4ef3d\" data-element_type=\"container\" data-e-type=\"container\">\n\t\t\t\t<div class=\"elementor-element elementor-element-a36f28c elementor-widget elementor-widget-image\" data-id=\"a36f28c\" data-element_type=\"widget\" data-e-type=\"widget\" data-widget_type=\"image.default\">\n\t\t\t\t\t\t\t\t\t\t\t\t\t\t\t<img decoding=\"async\" width=\"800\" height=\"535\" data-src=\"https:\/\/dcobys.com\/wp-content\/uploads\/2026\/02\/dcobys-busniess-city-lanscape-11-1024x685.webp\" class=\"attachment-large size-large wp-image-7872 lazyload\" alt=\"\" data-srcset=\"https:\/\/dcobys.com\/wp-content\/uploads\/2026\/02\/dcobys-busniess-city-lanscape-11-1024x685.webp 1024w, https:\/\/dcobys.com\/wp-content\/uploads\/2026\/02\/dcobys-busniess-city-lanscape-11-300x201.webp 300w, https:\/\/dcobys.com\/wp-content\/uploads\/2026\/02\/dcobys-busniess-city-lanscape-11-768x514.webp 768w, https:\/\/dcobys.com\/wp-content\/uploads\/2026\/02\/dcobys-busniess-city-lanscape-11-600x402.webp 600w, https:\/\/dcobys.com\/wp-content\/uploads\/2026\/02\/dcobys-busniess-city-lanscape-11.webp 1500w\" data-sizes=\"(max-width: 800px) 100vw, 800px\" src=\"data:image\/svg+xml;base64,PHN2ZyB3aWR0aD0iMSIgaGVpZ2h0PSIxIiB4bWxucz0iaHR0cDovL3d3dy53My5vcmcvMjAwMC9zdmciPjwvc3ZnPg==\" style=\"--smush-placeholder-width: 800px; --smush-placeholder-aspect-ratio: 800\/535;\" \/>\t\t\t\t\t\t\t\t\t\t\t\t\t\t\t<\/div>\n\t\t\t\t<\/div>\n\t\t\t\t\t<\/div>\n\t\t\t\t<\/div>\n\t\t\t\t<\/div>\n\t\t","protected":false},"excerpt":{"rendered":"<p>Dcobys es una plataforma de asesoramiento estrat\u00e9gico global que convierte las ambiciones internacionales en resultados econ\u00f3micos cuantificables.<br \/>\nActuamos como socios estrat\u00e9gicos para organizaciones que buscan un crecimiento global acelerado, movilidad de talento y un compromiso internacional de alto impacto. <\/p>\n","protected":false},"author":1,"featured_media":9288,"parent":0,"menu_order":0,"comment_status":"closed","ping_status":"closed","template":"","meta":{"_acf_changed":false,"footnotes":""},"class_list":["post-9305","page","type-page","status-publish","has-post-thumbnail","hentry"],"acf":[],"_links":{"self":[{"href":"https:\/\/dcobys.com\/es\/wp-json\/wp\/v2\/pages\/9305","targetHints":{"allow":["GET"]}}],"collection":[{"href":"https:\/\/dcobys.com\/es\/wp-json\/wp\/v2\/pages"}],"about":[{"href":"https:\/\/dcobys.com\/es\/wp-json\/wp\/v2\/types\/page"}],"author":[{"embeddable":true,"href":"https:\/\/dcobys.com\/es\/wp-json\/wp\/v2\/users\/1"}],"replies":[{"embeddable":true,"href":"https:\/\/dcobys.com\/es\/wp-json\/wp\/v2\/comments?post=9305"}],"version-history":[{"count":8,"href":"https:\/\/dcobys.com\/es\/wp-json\/wp\/v2\/pages\/9305\/revisions"}],"predecessor-version":[{"id":9413,"href":"https:\/\/dcobys.com\/es\/wp-json\/wp\/v2\/pages\/9305\/revisions\/9413"}],"wp:featuredmedia":[{"embeddable":true,"href":"https:\/\/dcobys.com\/es\/wp-json\/wp\/v2\/media\/9288"}],"wp:attachment":[{"href":"https:\/\/dcobys.com\/es\/wp-json\/wp\/v2\/media?parent=9305"}],"curies":[{"name":"wp","href":"https:\/\/api.w.org\/{rel}","templated":true}]}}