{"id":5857,"date":"2025-05-05T21:22:25","date_gmt":"2025-05-06T01:22:25","guid":{"rendered":"https:\/\/dcobys.com\/politica-de-privacidad\/"},"modified":"2026-03-28T12:34:57","modified_gmt":"2026-03-28T16:34:57","slug":"politica-de-privacidad","status":"publish","type":"page","link":"https:\/\/dcobys.com\/es\/politica-de-privacidad\/","title":{"rendered":"Pol\u00edtica de Privacidad"},"content":{"rendered":"\t\t<div data-elementor-type=\"wp-page\" data-elementor-id=\"5857\" class=\"elementor elementor-5857 elementor-3\" data-elementor-post-type=\"page\">\n\t\t\t\t<div class=\"elementor-element elementor-element-3f86b6b hero_banner e-flex e-con-boxed e-con e-parent\" data-id=\"3f86b6b\" data-element_type=\"container\" data-e-type=\"container\" data-settings=\"{&quot;background_background&quot;:&quot;classic&quot;}\">\n\t\t\t\t\t<div class=\"e-con-inner\">\n\t\t<div class=\"elementor-element elementor-element-d3c43b1 e-con-full e-flex e-con e-child\" data-id=\"d3c43b1\" data-element_type=\"container\" data-e-type=\"container\">\n\t\t<div class=\"elementor-element elementor-element-b1f3feb e-con-full e-flex e-con e-child\" data-id=\"b1f3feb\" data-element_type=\"container\" data-e-type=\"container\">\n\t\t\t\t<div class=\"elementor-element elementor-element-d1c2196 elementor-widget elementor-widget-heading\" data-id=\"d1c2196\" data-element_type=\"widget\" data-e-type=\"widget\" data-widget_type=\"heading.default\">\n\t\t\t\t\t<h1 class=\"elementor-heading-title elementor-size-default\">Pol\u00edtica de Privacidad<\/h1>\t\t\t\t<\/div>\n\t\t\t\t<\/div>\n\t\t\t\t<\/div>\n\t\t\t\t\t<\/div>\n\t\t\t\t<\/div>\n\t\t<div class=\"elementor-element elementor-element-2a2e5457 e-flex e-con-boxed e-con e-parent\" data-id=\"2a2e5457\" data-element_type=\"container\" data-e-type=\"container\">\n\t\t\t\t\t<div class=\"e-con-inner\">\n\t\t<div class=\"elementor-element elementor-element-27680b0 e-flex e-con-boxed e-con e-child\" data-id=\"27680b0\" data-element_type=\"container\" data-e-type=\"container\">\n\t\t\t\t\t<div class=\"e-con-inner\">\n\t\t\t\t<div class=\"elementor-element elementor-element-246cbc07 elementor-widget elementor-widget-text-editor\" data-id=\"246cbc07\" data-element_type=\"widget\" data-e-type=\"widget\" data-widget_type=\"text-editor.default\">\n\t\t\t\t\t\t\t\t\t<p><span data-contrast=\"auto\">De conformidad con las leyes federales y estatales aplicables en materia de privacidad en los Estados Unidos, incluidas aquellas supervisadas por la Federal Trade Commission (FTC), Dcobys, S.A. de C.V. (en adelante, \u201cDcobys\u201d), sociedad constituida de conformidad con las leyes de los Estados Unidos, con domicilio principal en 361 Newbury St, 5th Floor, Boston, MA, Estados Unidos, informa los t\u00e9rminos bajo los cuales se recopilan, utilizan, almacenan y protegen sus Datos Personales.<\/span><span data-ccp-props=\"{}\"> <\/span><\/p><p><span data-contrast=\"auto\">El presente Aviso de Privacidad es aplicable a todos los Datos Personales de personas f\u00edsicas que sean recabados por Dcobys a trav\u00e9s de cualquier medio, ya sea electr\u00f3nico, escrito, verbal o digital.<\/span><span data-ccp-props=\"{}\"> <\/span><\/p><p> <\/p><h3><b><span data-contrast=\"auto\">Datos Personales Recabados<\/span><\/b><span data-ccp-props=\"{}\"> <\/span><\/h3><p><span data-contrast=\"auto\">Dcobys podr\u00e1 recabar las siguientes categor\u00edas de Datos Personales, en la medida permitida por la legislaci\u00f3n aplicable:<\/span><span data-ccp-props=\"{}\"> <\/span><\/p><p><span data-contrast=\"auto\">(i) Nombre completo<\/span> <br><span data-contrast=\"auto\">(ii) Fecha de nacimiento<\/span> <br><span data-contrast=\"auto\">(iii) G\u00e9nero<\/span> <br><span data-contrast=\"auto\">(iv) Domicilio<\/span> <br><span data-contrast=\"auto\">(v) Correo electr\u00f3nico<\/span> <br><span data-contrast=\"auto\">(vi) N\u00famero telef\u00f3nico<\/span> <br><span data-contrast=\"auto\">(vii) N\u00famero de pasaporte e identificaci\u00f3n oficial<\/span> <br><span data-contrast=\"auto\">(viii) Informaci\u00f3n laboral (empresa y puesto)<\/span> <br><span data-contrast=\"auto\">(ix) Informaci\u00f3n de identificaci\u00f3n fiscal<\/span> <br><span data-contrast=\"auto\">(x) Profesi\u00f3n<\/span> <br><span data-contrast=\"auto\">(xi) Nacionalidad<\/span><span data-ccp-props=\"{}\"> <\/span><\/p><p><span data-contrast=\"auto\">(en conjunto, los \u201cDatos Personales\u201d).<\/span><span data-ccp-props=\"{}\"> <\/span><\/p><p> <\/p><h3><b><span data-contrast=\"auto\">Finalidades del Tratamiento de los Datos Personales<\/span><\/b><span data-ccp-props=\"{}\"> <\/span><\/h3><p><span data-contrast=\"auto\">Los Datos Personales recabados por Dcobys ser\u00e1n utilizados para las siguientes finalidades:<\/span><span data-ccp-props=\"{}\"> <\/span><\/p><p><span data-contrast=\"auto\">(i) Atender consultas, quejas, solicitudes y sugerencias<\/span> <br><span data-contrast=\"auto\">(ii) Gestionar reservaciones y tr\u00e1mites relacionados<\/span> <br><span data-contrast=\"auto\">(iii) Enviar cotizaciones de productos y servicios de viajes, eventos o servicios relacionados con visas<\/span> <br><span data-contrast=\"auto\">(iv) Enviar informaci\u00f3n sobre productos, servicios, promociones y campa\u00f1as publicitarias ofrecidas por Dcobys<\/span> <br><span data-contrast=\"auto\">(v) Realizar actividades relacionadas con los servicios proporcionados por Dcobys<\/span> <br><span data-contrast=\"auto\">(vi) Llevar a cabo actividades administrativas y operativas internas<\/span> <br><span data-contrast=\"auto\">(vii) Reclutamiento, selecci\u00f3n y gesti\u00f3n de personal<\/span> <br><span data-contrast=\"auto\">(viii) Asistir a personas invitadas, candidatas, participantes y asistentes a eventos<\/span> <br><span data-contrast=\"auto\">(ix) Publicar nombres e im\u00e1genes, cuando exista autorizaci\u00f3n, para difundir casos de \u00e9xito y trayectorias acad\u00e9micas o profesionales relacionadas con Dcobys<\/span> <br><span data-contrast=\"auto\">(x) Cumplir con la legislaci\u00f3n aplicable, as\u00ed como con requerimientos de autoridades competentes<\/span><span data-ccp-props=\"{}\"> <\/span><\/p><p><span data-contrast=\"auto\">Durante viajes, eventos o reuniones, podr\u00e1n tomarse fotograf\u00edas o material audiovisual con el prop\u00f3sito de documentar las actividades de Dcobys. En caso de que desee oponerse a este tratamiento, podr\u00e1 ejercer sus derechos conforme a lo se\u00f1alado en este Aviso. <\/span><span data-ccp-props=\"{}\"> <\/span><\/p><p> <\/p><h3><b><span data-contrast=\"auto\">Uso y Protecci\u00f3n de los Datos Personales<\/span><\/b><span data-ccp-props=\"{}\"> <\/span><\/h3><p><span data-contrast=\"auto\">Dcobys utilizar\u00e1 los Datos Personales \u00fanicamente de manera compatible con las finalidades para las cuales fueron recabados. Asimismo, adoptar\u00e1 medidas razonables para asegurar que los Datos Personales sean pertinentes, exactos, completos y actualizados. <\/span><span data-ccp-props=\"{}\"> <\/span><\/p><p><span data-contrast=\"auto\">Dcobys implementa medidas t\u00e9cnicas, administrativas y f\u00edsicas razonables para proteger los Datos Personales contra p\u00e9rdida, uso indebido, acceso no autorizado, divulgaci\u00f3n, alteraci\u00f3n o destrucci\u00f3n. Estas medidas incluyen controles de acceso, protocolos de seguridad de la informaci\u00f3n y pr\u00e1cticas seguras de tratamiento de datos. <\/span><span data-ccp-props=\"{}\"> <\/span><\/p><p> <\/p><h3><b><span data-contrast=\"auto\">Derechos de Privacidad del Titular<\/span><\/b><span data-ccp-props=\"{}\"> <\/span><\/h3><p><span data-contrast=\"auto\">De conformidad con las leyes federales y estatales aplicables en los Estados Unidos, usted o su representante autorizado podr\u00e1 ejercer los siguientes derechos respecto de sus Datos Personales:<\/span><span data-ccp-props=\"{}\"> <\/span><\/p><p><span data-contrast=\"auto\">Derecho de acceso a sus Datos Personales<\/span><span data-ccp-props=\"{}\"> <\/span><\/p><p><span data-contrast=\"auto\">Derecho a solicitar la correcci\u00f3n de Datos Personales inexactos o incompletos<\/span><span data-ccp-props=\"{}\"> <\/span><\/p><p><span data-contrast=\"auto\">Derecho a solicitar la eliminaci\u00f3n de sus Datos Personales<\/span><span data-ccp-props=\"{}\"> <\/span><\/p><p><span data-contrast=\"auto\">Derecho a oponerse o limitar ciertos tratamientos de datos, cuando la ley lo permita<\/span><span data-ccp-props=\"{}\"> <\/span><\/p><p><span data-contrast=\"auto\">El ejercicio de uno de estos derechos no limita ni impide el ejercicio de los dem\u00e1s.<\/span><span data-ccp-props=\"{}\"> <\/span><\/p><p> <\/p><h3><b><span data-contrast=\"auto\">Presentaci\u00f3n de Solicitudes<\/span><\/b><span data-ccp-props=\"{}\"> <\/span><\/h3><p><span data-contrast=\"auto\">Las solicitudes relacionadas con el ejercicio de derechos sobre Datos Personales deber\u00e1n enviarse al Oficial de Privacidad de Dcobys, utilizando la informaci\u00f3n de contacto que se indica m\u00e1s adelante, e incluir:<\/span><span data-ccp-props=\"{}\"> <\/span><\/p><p><span data-contrast=\"auto\">(A) Nombre completo y datos de contacto del solicitante<\/span> <br><span data-contrast=\"auto\">(B) Documentos que acrediten su identidad o, en su caso, la representaci\u00f3n legal<\/span> <br><span data-contrast=\"auto\">(C) Descripci\u00f3n clara y precisa de los Datos Personales y del derecho que desea ejercer<\/span> <br><span data-contrast=\"auto\">(D) Cualquier otro elemento que facilite la localizaci\u00f3n de los Datos Personales<\/span><span data-ccp-props=\"{}\"> <\/span><\/p><p><span data-contrast=\"auto\">En caso de solicitar la correcci\u00f3n de Datos Personales, deber\u00e1 adem\u00e1s indicar los cambios a realizar y proporcionar la documentaci\u00f3n que los respalde.<\/span><span data-ccp-props=\"{}\"> <\/span><\/p><p><span data-contrast=\"auto\">Dcobys podr\u00e1 negar total o parcialmente una solicitud cuando as\u00ed lo permita la ley, incluyendo los siguientes casos:<\/span><span data-ccp-props=\"{}\"> <\/span><\/p><ul><li aria-setsize=\"-1\" data-leveltext=\"\uf0b7\" data-font=\"Symbol\" data-listid=\"43\" data-list-defn-props=\"{\"335552541\":1,\"335559685\":720,\"335559991\":360,\"469769226\":\"Symbol\",\"469769242\":[8226],\"469777803\":\"left\",\"469777804\":\"\uf0b7\",\"469777815\":\"multilevel\"}\" data-aria-posinset=\"1\" data-aria-level=\"1\"><span data-contrast=\"auto\">Cuando no sea posible verificar la identidad del solicitante<\/span><span data-ccp-props=\"{}\"> <\/span><\/li><\/ul><ul><li aria-setsize=\"-1\" data-leveltext=\"\uf0b7\" data-font=\"Symbol\" data-listid=\"43\" data-list-defn-props=\"{\"335552541\":1,\"335559685\":720,\"335559991\":360,\"469769226\":\"Symbol\",\"469769242\":[8226],\"469777803\":\"left\",\"469777804\":\"\uf0b7\",\"469777815\":\"multilevel\"}\" data-aria-posinset=\"2\" data-aria-level=\"1\"><span data-contrast=\"auto\">Cuando los Datos Personales no se encuentren en las bases de datos de Dcobys<\/span><span data-ccp-props=\"{}\"> <\/span><\/li><\/ul><ul><li aria-setsize=\"-1\" data-leveltext=\"\uf0b7\" data-font=\"Symbol\" data-listid=\"43\" data-list-defn-props=\"{\"335552541\":1,\"335559685\":720,\"335559991\":360,\"469769226\":\"Symbol\",\"469769242\":[8226],\"469777803\":\"left\",\"469777804\":\"\uf0b7\",\"469777815\":\"multilevel\"}\" data-aria-posinset=\"3\" data-aria-level=\"1\"><span data-contrast=\"auto\">Cuando se afecten negativamente derechos de terceros<\/span><span data-ccp-props=\"{}\"> <\/span><\/li><\/ul><ul><li aria-setsize=\"-1\" data-leveltext=\"\uf0b7\" data-font=\"Symbol\" data-listid=\"43\" data-list-defn-props=\"{\"335552541\":1,\"335559685\":720,\"335559991\":360,\"469769226\":\"Symbol\",\"469769242\":[8226],\"469777803\":\"left\",\"469777804\":\"\uf0b7\",\"469777815\":\"multilevel\"}\" data-aria-posinset=\"4\" data-aria-level=\"1\"><span data-contrast=\"auto\">Cuando exista un impedimento legal o una resoluci\u00f3n de autoridad competente<\/span><span data-ccp-props=\"{}\"> <\/span><\/li><\/ul><ul><li aria-setsize=\"-1\" data-leveltext=\"\uf0b7\" data-font=\"Symbol\" data-listid=\"43\" data-list-defn-props=\"{\"335552541\":1,\"335559685\":720,\"335559991\":360,\"469769226\":\"Symbol\",\"469769242\":[8226],\"469777803\":\"left\",\"469777804\":\"\uf0b7\",\"469777815\":\"multilevel\"}\" data-aria-posinset=\"5\" data-aria-level=\"1\"><span data-contrast=\"auto\">Cuando la solicitud sea repetitiva o excesiva<\/span><span data-ccp-props=\"{}\"> <\/span><\/li><\/ul><p><span data-contrast=\"auto\">Se podr\u00e1 proporcionar cumplimiento parcial cuando corresponda.<\/span><span data-ccp-props=\"{}\"> <\/span><\/p><p> <\/p><h3><b><span data-contrast=\"auto\">Costos y Verificaci\u00f3n de Identidad<\/span><\/b><span data-ccp-props=\"{}\"> <\/span><\/h3><p><span data-contrast=\"auto\">El ejercicio de los derechos de protecci\u00f3n de datos ser\u00e1, por regla general, gratuito. No obstante, Dcobys podr\u00e1 cobrar una tarifa administrativa razonable para cubrir los costos asociados al tr\u00e1mite de la solicitud (como copias o entrega de informaci\u00f3n en formatos alternativos), cuando lo permitan las leyes aplicables en los Estados Unidos. <\/span><span data-ccp-props=\"{}\"> <\/span><\/p><p><span data-contrast=\"auto\">Dcobys podr\u00e1 requerir la verificaci\u00f3n de identidad antes de atender cualquier solicitud. En caso de solicitudes manifiestamente infundadas, excesivas o repetitivas, Dcobys se reserva el derecho de negarse a atender la solicitud o de cobrar una tarifa razonable, conforme a la ley aplicable. <\/span><span data-ccp-props=\"{}\"> <\/span><\/p><p> <\/p><h3><b><span data-contrast=\"auto\">Limitaci\u00f3n del Uso de los Datos Personales<\/span><\/b><span data-ccp-props=\"{}\"> <\/span><\/h3><p><span data-contrast=\"auto\">Usted podr\u00e1 solicitar la limitaci\u00f3n del uso o divulgaci\u00f3n de sus Datos Personales mediante solicitud dirigida al Oficial de Privacidad de Dcobys, cumpliendo con los mismos requisitos establecidos para el ejercicio de derechos.<\/span><span data-ccp-props=\"{}\"> <\/span><\/p><p> <\/p><h3><b><span data-contrast=\"auto\">Modificaciones al Aviso de Privacidad<\/span><\/b><span data-ccp-props=\"{}\"> <\/span><\/h3><p>Dcobys se reserva el derecho de modificar o actualizar el presente Aviso de Privacidad en cualquier momento. Cualquier cambio ser\u00e1 publicado en el sitio web de Dcobys: <a href=\"http:\/\/www.dcobys.com\/\">www.dcobys.com<\/a>. Se recomienda revisar peri\u00f3dicamente este Aviso.<span data-ccp-props=\"{}\"> <\/span><\/p><p><span data-contrast=\"auto\">En caso de que ocurra una vulneraci\u00f3n de seguridad que afecte de manera significativa sus derechos, Dcobys le notificar\u00e1 conforme a la legislaci\u00f3n aplicable.<\/span><span data-ccp-props=\"{}\"> <\/span><\/p><p> <\/p><h3><b><span data-contrast=\"auto\">Datos de Contacto<\/span><\/b><span data-ccp-props=\"{}\"> <\/span><\/h3><p><span data-contrast=\"auto\">Para cualquier duda, comentario o solicitud relacionada con este Aviso de Privacidad o con el tratamiento de sus Datos Personales, puede contactar a:<\/span><span data-ccp-props=\"{}\"> <\/span><\/p><p><span data-contrast=\"auto\">Atenci\u00f3n:<\/span> Oficial de Privacidad <br><span data-contrast=\"auto\">Correo electr\u00f3nico:<\/span> partner@dcobys.com<span data-ccp-props=\"{}\"> <\/span><\/p><p> <\/p><h3><b><span data-contrast=\"auto\">Complaints<\/span><\/b><span data-ccp-props=\"{}\"> <\/span><\/h3><p><span data-contrast=\"auto\">Si tiene inquietudes sobre el uso de sus Datos Personales, puede contactarnos directamente a trav\u00e9s del correo indicado. Tambi\u00e9n puede acudir a la autoridad competente en materia de protecci\u00f3n de datos en los Estados Unidos.<\/span><span data-ccp-props=\"{}\"> <\/span><\/p><p>Para mayor informaci\u00f3n, consulte su sitio oficial: <a href=\"http:\/\/www.ftc.gov\/\" target=\"_blank\" rel=\"noopener\">www.ftc.gov <\/a><span data-ccp-props=\"{}\"> <\/span><\/p><p><span data-contrast=\"auto\">Fecha de \u00faltima actualizaci\u00f3n del Aviso de Privacidad: Enero 2026.<\/span><span data-ccp-props=\"{}\"> <\/span><\/p>\t\t\t\t\t\t\t\t<\/div>\n\t\t\t\t\t<\/div>\n\t\t\t\t<\/div>\n\t\t\t\t\t<\/div>\n\t\t\t\t<\/div>\n\t\t\t\t<\/div>\n\t\t","protected":false},"excerpt":{"rendered":"<p>De conformidad con las leyes federales y estatales aplicables en materia de privacidad en los Estados Unidos, incluidas aquellas supervisadas por la Federal Trade Commission (FTC), Dcobys, S.A. de C.V. (en adelante, \u201cDcobys\u201d), sociedad constituida de conformidad con las leyes de los Estados Unidos, con domicilio principal en 361 Newbury St, 5th Floor, Boston, MA, [&hellip;]<\/p>\n","protected":false},"author":1,"featured_media":0,"parent":0,"menu_order":0,"comment_status":"closed","ping_status":"open","template":"","meta":{"_acf_changed":false,"footnotes":""},"class_list":["post-5857","page","type-page","status-publish","hentry"],"acf":[],"_links":{"self":[{"href":"https:\/\/dcobys.com\/es\/wp-json\/wp\/v2\/pages\/5857","targetHints":{"allow":["GET"]}}],"collection":[{"href":"https:\/\/dcobys.com\/es\/wp-json\/wp\/v2\/pages"}],"about":[{"href":"https:\/\/dcobys.com\/es\/wp-json\/wp\/v2\/types\/page"}],"author":[{"embeddable":true,"href":"https:\/\/dcobys.com\/es\/wp-json\/wp\/v2\/users\/1"}],"replies":[{"embeddable":true,"href":"https:\/\/dcobys.com\/es\/wp-json\/wp\/v2\/comments?post=5857"}],"version-history":[{"count":1,"href":"https:\/\/dcobys.com\/es\/wp-json\/wp\/v2\/pages\/5857\/revisions"}],"predecessor-version":[{"id":9235,"href":"https:\/\/dcobys.com\/es\/wp-json\/wp\/v2\/pages\/5857\/revisions\/9235"}],"wp:attachment":[{"href":"https:\/\/dcobys.com\/es\/wp-json\/wp\/v2\/media?parent=5857"}],"curies":[{"name":"wp","href":"https:\/\/api.w.org\/{rel}","templated":true}]}}